{"id":27401,"date":"2024-05-31T17:17:55","date_gmt":"2024-05-31T15:17:55","guid":{"rendered":"https:\/\/nueva.lykosenergia.com\/?page_id=27401"},"modified":"2024-06-15T13:49:23","modified_gmt":"2024-06-15T11:49:23","slug":"podcast","status":"publish","type":"page","link":"https:\/\/lykosenergia.com\/en\/podcast\/","title":{"rendered":"Podcast"},"content":{"rendered":"<div data-elementor-type=\"wp-page\" data-elementor-id=\"27401\" class=\"elementor elementor-27401\" data-elementor-post-type=\"page\">\n\t\t\t\t\t\t<section data-particle_enable=\"false\" data-particle-mobile-disabled=\"false\" class=\"wd-negative-gap elementor-section elementor-top-section elementor-element elementor-element-27a9ba07 wd-section-stretch elementor-section-height-min-height elementor-section-boxed elementor-section-height-default elementor-section-items-middle\" data-id=\"27a9ba07\" data-element_type=\"section\" data-e-type=\"section\" data-settings=\"{&quot;background_background&quot;:&quot;video&quot;,&quot;background_video_link&quot;:&quot;https:\\\/\\\/lykosenergia.com\\\/wp-content\\\/uploads\\\/2024\\\/05\\\/5771515_Coll_wavebreak_Animation_Retro_1920x1080.mp4&quot;,&quot;background_play_on_mobile&quot;:&quot;yes&quot;}\">\n\t\t\t\t\t\t\t\t<div class=\"elementor-background-video-container\">\n\t\t\t\t\t\t\t\t\t\t\t\t\t<video class=\"elementor-background-video-hosted\" role=\"presentation\" autoplay muted playsinline loop><\/video>\n\t\t\t\t\t\t\t\t\t\t\t<\/div>\n\t\t\t\t\t\t\t\t\t<div class=\"elementor-background-overlay\"><\/div>\n\t\t\t\t\t\t\t<div class=\"elementor-container elementor-column-gap-default\">\n\t\t\t\t\t<div class=\"elementor-column elementor-col-50 elementor-top-column elementor-element elementor-element-2d427c2c\" data-id=\"2d427c2c\" data-element_type=\"column\" data-e-type=\"column\">\n\t\t\t<div class=\"elementor-widget-wrap elementor-element-populated\">\n\t\t\t\t\t\t<div class=\"elementor-element elementor-element-3f6736ab elementor-widget elementor-widget-heading\" data-id=\"3f6736ab\" data-element_type=\"widget\" data-e-type=\"widget\" data-widget_type=\"heading.default\">\n\t\t\t\t<div class=\"elementor-widget-container\">\n\t\t\t\t\t<h2 class=\"elementor-heading-title elementor-size-default\">Energetic<\/h2>\t\t\t\t<\/div>\n\t\t\t\t<\/div>\n\t\t\t\t<div class=\"elementor-element elementor-element-e235ff4 color-scheme-inherit text-left elementor-widget elementor-widget-text-editor\" data-id=\"e235ff4\" data-element_type=\"widget\" data-e-type=\"widget\" data-widget_type=\"text-editor.default\">\n\t\t\t\t<div class=\"elementor-widget-container\">\n\t\t\t\t\t\t\t\t\t<p style=\"text-align: left;\"><strong>Unlocking the Power of Mindset in Business<\/strong><\/p><p>Get ready for &#039;Energ\u00e9tico&#039;, the new Next Energ\u00eda podcast that takes you to the heart of business success. Unlock the secrets of the most innovative entrepreneurs and learn how our mindset-based methodology is revolutionizing the energy industry. With <strong>exclusive interviews and inspiring stories<\/strong>, each episode is designed to ignite your motivation and transform your approach to business. Don&#039;t miss the launch of this transformative journey!<\/p>\t\t\t\t\t\t\t\t<\/div>\n\t\t\t\t<\/div>\n\t\t\t\t<div class=\"elementor-element elementor-element-87abdba elementor-mobile-align-center elementor-widget elementor-widget-button\" data-id=\"87abdba\" data-element_type=\"widget\" data-e-type=\"widget\" data-widget_type=\"button.default\">\n\t\t\t\t<div class=\"elementor-widget-container\">\n\t\t\t\t\t\t\t\t\t<div class=\"elementor-button-wrapper\">\n\t\t\t\t\t<a class=\"elementor-button elementor-button-link elementor-size-sm\" href=\"#\">\n\t\t\t\t\t\t<span class=\"elementor-button-content-wrapper\">\n\t\t\t\t\t\t\t\t\t<span class=\"elementor-button-text\">First episode coming soon<\/span>\n\t\t\t\t\t<\/span>\n\t\t\t\t\t<\/a>\n\t\t\t\t<\/div>\n\t\t\t\t\t\t\t\t<\/div>\n\t\t\t\t<\/div>\n\t\t\t\t\t<\/div>\n\t\t<\/div>\n\t\t\t\t<div class=\"elementor-column elementor-col-50 elementor-top-column elementor-element elementor-element-5554e967\" data-id=\"5554e967\" data-element_type=\"column\" data-e-type=\"column\">\n\t\t\t<div class=\"elementor-widget-wrap\">\n\t\t\t\t\t\t\t<\/div>\n\t\t<\/div>\n\t\t\t\t\t<\/div>\n\t\t<\/section>\n\t\t\t\t<\/div>","protected":false},"excerpt":{"rendered":"<p>Energetics Unlocking the Power of Mindset in Business Get ready for &#039;Energetics&#039;, the new podcast from Next Energy that<\/p>","protected":false},"author":156,"featured_media":0,"parent":0,"menu_order":16,"comment_status":"closed","ping_status":"closed","template":"","meta":{"footnotes":""},"class_list":["post-27401","page","type-page","status-publish","hentry"],"yoast_head":"<!-- This site is optimized with the Yoast SEO Premium plugin v21.6 (Yoast SEO v27.1.1) - https:\/\/yoast.com\/product\/yoast-seo-premium-wordpress\/ -->\n<title>Podcast - Distribuidor energia Lykos Energ\u00eda<\/title>\n<meta name=\"robots\" content=\"index, follow, max-snippet:-1, max-image-preview:large, max-video-preview:-1\" \/>\n<link rel=\"canonical\" href=\"https:\/\/lykosenergia.com\/en\/podcast\/\" \/>\n<meta property=\"og:locale\" content=\"en_GB\" \/>\n<meta property=\"og:type\" content=\"article\" \/>\n<meta property=\"og:title\" content=\"Podcast\" \/>\n<meta property=\"og:description\" content=\"Energ\u00e9ticos Desbloqueando el Poder de la Mentalidad en los Negocios Prep\u00e1rate para &#8216;Energ\u00e9ticos&#8217;, el nuevo podcast de Next Energ\u00eda que\" \/>\n<meta property=\"og:url\" content=\"https:\/\/lykosenergia.com\/en\/podcast\/\" \/>\n<meta property=\"og:site_name\" content=\"Distribuidor energia Lykos Energ\u00eda\" \/>\n<meta property=\"article:modified_time\" content=\"2024-06-15T11:49:23+00:00\" \/>\n<meta name=\"twitter:card\" content=\"summary_large_image\" \/>\n<meta name=\"twitter:label1\" content=\"Estimated reading time\" \/>\n\t<meta name=\"twitter:data1\" content=\"1 minute\" \/>\n<!-- \/ Yoast SEO Premium plugin. -->","yoast_head_json":{"title":"Podcast - Lykos Energy Distributor","robots":{"index":"index","follow":"follow","max-snippet":"max-snippet:-1","max-image-preview":"max-image-preview:large","max-video-preview":"max-video-preview:-1"},"canonical":"https:\/\/lykosenergia.com\/en\/podcast\/","og_locale":"en_GB","og_type":"article","og_title":"Podcast","og_description":"Energ\u00e9ticos Desbloqueando el Poder de la Mentalidad en los Negocios Prep\u00e1rate para &#8216;Energ\u00e9ticos&#8217;, el nuevo podcast de Next Energ\u00eda que","og_url":"https:\/\/lykosenergia.com\/en\/podcast\/","og_site_name":"Distribuidor energia Lykos Energ\u00eda","article_modified_time":"2024-06-15T11:49:23+00:00","twitter_card":"summary_large_image","twitter_misc":{"Estimated reading time":"1 minute"},"schema":{"@context":"https:\/\/schema.org","@graph":[{"@type":"WebPage","@id":"https:\/\/lykosenergia.com\/podcast\/","url":"https:\/\/lykosenergia.com\/podcast\/","name":"Podcast - Lykos Energy Distributor","isPartOf":{"@id":"https:\/\/lykosenergia.com\/#website"},"datePublished":"2024-05-31T15:17:55+00:00","dateModified":"2024-06-15T11:49:23+00:00","breadcrumb":{"@id":"https:\/\/lykosenergia.com\/podcast\/#breadcrumb"},"inLanguage":"en-GB","potentialAction":[{"@type":"ReadAction","target":["https:\/\/lykosenergia.com\/podcast\/"]}]},{"@type":"BreadcrumbList","@id":"https:\/\/lykosenergia.com\/podcast\/#breadcrumb","itemListElement":[{"@type":"ListItem","position":1,"name":"Portada","item":"https:\/\/lykosenergia.com\/"},{"@type":"ListItem","position":2,"name":"Podcast"}]},{"@type":"WebSite","@id":"https:\/\/lykosenergia.com\/#website","url":"https:\/\/lykosenergia.com\/","name":"Lykos Energy Distributor","description":"Energy consultant, sales channels","potentialAction":[{"@type":"SearchAction","target":{"@type":"EntryPoint","urlTemplate":"https:\/\/lykosenergia.com\/?s={search_term_string}"},"query-input":{"@type":"PropertyValueSpecification","valueRequired":true,"valueName":"search_term_string"}}],"inLanguage":"en-GB"}]}},"_links":{"self":[{"href":"https:\/\/lykosenergia.com\/en\/wp-json\/wp\/v2\/pages\/27401","targetHints":{"allow":["GET"]}}],"collection":[{"href":"https:\/\/lykosenergia.com\/en\/wp-json\/wp\/v2\/pages"}],"about":[{"href":"https:\/\/lykosenergia.com\/en\/wp-json\/wp\/v2\/types\/page"}],"author":[{"embeddable":true,"href":"https:\/\/lykosenergia.com\/en\/wp-json\/wp\/v2\/users\/156"}],"replies":[{"embeddable":true,"href":"https:\/\/lykosenergia.com\/en\/wp-json\/wp\/v2\/comments?post=27401"}],"version-history":[{"count":0,"href":"https:\/\/lykosenergia.com\/en\/wp-json\/wp\/v2\/pages\/27401\/revisions"}],"wp:attachment":[{"href":"https:\/\/lykosenergia.com\/en\/wp-json\/wp\/v2\/media?parent=27401"}],"curies":[{"name":"wp","href":"https:\/\/api.w.org\/{rel}","templated":true}]}}