{"id":28362,"date":"2024-06-27T12:15:10","date_gmt":"2024-06-27T10:15:10","guid":{"rendered":"https:\/\/canales.lykosenergia.com\/?page_id=28362"},"modified":"2024-06-28T12:15:43","modified_gmt":"2024-06-28T10:15:43","slug":"tarifas-indexada-gas","status":"publish","type":"page","link":"https:\/\/lykosenergia.com\/en\/tarifas\/hogar\/tarifas-de-gas\/tarifas-indexada-gas\/","title":{"rendered":"Indexed gas tariffs"},"content":{"rendered":"\t\t<div data-elementor-type=\"wp-post\" data-elementor-id=\"28362\" class=\"elementor elementor-28362\" data-elementor-post-type=\"page\">\n\t\t\t\t\t\t<section data-particle_enable=\"false\" data-particle-mobile-disabled=\"false\" class=\"wd-negative-gap elementor-section elementor-top-section elementor-element elementor-element-b12dea8 elementor-section-full_width elementor-section-height-min-height wd-section-stretch elementor-section-height-default elementor-section-items-middle\" data-id=\"b12dea8\" data-element_type=\"section\" data-e-type=\"section\" data-settings=\"{&quot;background_background&quot;:&quot;video&quot;,&quot;background_play_on_mobile&quot;:&quot;yes&quot;,&quot;background_video_link&quot;:&quot;https:\\\/\\\/lykosenergia.com\\\/wp-content\\\/uploads\\\/2024\\\/06\\\/5444241_Coll_wavebreak_Animation_Financial-Data_1920x1080.mp4&quot;}\">\n\t\t\t\t\t\t\t\t<div class=\"elementor-background-video-container\">\n\t\t\t\t\t\t\t\t\t\t\t\t\t<video class=\"elementor-background-video-hosted\" role=\"presentation\" autoplay muted playsinline loop><\/video>\n\t\t\t\t\t\t\t\t\t\t\t<\/div>\n\t\t\t\t\t\t\t\t\t<div class=\"elementor-background-overlay\"><\/div>\n\t\t\t\t\t\t\t<div class=\"elementor-container elementor-column-gap-no\">\n\t\t\t\t\t<div class=\"elementor-column elementor-col-100 elementor-top-column elementor-element elementor-element-5c4fc4c color-scheme-light\" data-id=\"5c4fc4c\" data-element_type=\"column\" data-e-type=\"column\">\n\t\t\t<div class=\"elementor-widget-wrap elementor-element-populated\">\n\t\t\t\t\t\t<div class=\"elementor-element elementor-element-f6ed43c elementor-widget elementor-widget-heading\" data-id=\"f6ed43c\" data-element_type=\"widget\" data-e-type=\"widget\" data-widget_type=\"heading.default\">\n\t\t\t\t<div class=\"elementor-widget-container\">\n\t\t\t\t\t<h1 class=\"elementor-heading-title elementor-size-default\">\nTarifas indexada GAS<\/h1>\t\t\t\t<\/div>\n\t\t\t\t<\/div>\n\t\t\t\t\t<\/div>\n\t\t<\/div>\n\t\t\t\t\t<\/div>\n\t\t<\/section>\n\t\t\t\t<section data-particle_enable=\"false\" data-particle-mobile-disabled=\"false\" class=\"wd-negative-gap elementor-section elementor-top-section elementor-element elementor-element-b5527db elementor-section-boxed elementor-section-height-default elementor-section-height-default\" data-id=\"b5527db\" data-element_type=\"section\" data-e-type=\"section\">\n\t\t\t\t\t\t<div class=\"elementor-container elementor-column-gap-default\">\n\t\t\t\t\t<div class=\"elementor-column elementor-col-100 elementor-top-column elementor-element elementor-element-a9b384a\" data-id=\"a9b384a\" data-element_type=\"column\" data-e-type=\"column\" data-settings=\"{&quot;background_background&quot;:&quot;classic&quot;}\">\n\t\t\t<div class=\"elementor-widget-wrap elementor-element-populated\">\n\t\t\t\t\t\t<section data-particle_enable=\"false\" data-particle-mobile-disabled=\"false\" class=\"elementor-section elementor-inner-section elementor-element elementor-element-a645139 elementor-section-boxed elementor-section-height-default elementor-section-height-default\" data-id=\"a645139\" data-element_type=\"section\" data-e-type=\"section\">\n\t\t\t\t\t\t<div class=\"elementor-container elementor-column-gap-default\">\n\t\t\t\t\t<div class=\"elementor-column elementor-col-100 elementor-inner-column elementor-element elementor-element-736fd29\" data-id=\"736fd29\" data-element_type=\"column\" data-e-type=\"column\">\n\t\t\t<div class=\"elementor-widget-wrap elementor-element-populated\">\n\t\t\t\t\t\t<div class=\"elementor-element elementor-element-7c2e6f4 elementor-widget elementor-widget-heading\" data-id=\"7c2e6f4\" data-element_type=\"widget\" data-e-type=\"widget\" data-widget_type=\"heading.default\">\n\t\t\t\t<div class=\"elementor-widget-container\">\n\t\t\t\t\t<h2 class=\"elementor-heading-title elementor-size-default\">Tarifas indexada gas<\/h2>\t\t\t\t<\/div>\n\t\t\t\t<\/div>\n\t\t\t\t<div class=\"elementor-element elementor-element-0c630b9 color-scheme-inherit text-left elementor-widget elementor-widget-text-editor\" data-id=\"0c630b9\" data-element_type=\"widget\" data-e-type=\"widget\" data-widget_type=\"text-editor.default\">\n\t\t\t\t<div class=\"elementor-widget-container\">\n\t\t\t\t\t\t\t\t\t<div><div><p>En Next Energ\u00eda, entendemos que cada hogar tiene necesidades \u00fanicas. Por eso, te ofrecemos la tarifa de gas natural que mejor se adapta a tu consumo real, permiti\u00e9ndote disfrutar de un ahorro sustancial en energ\u00eda sin sacrificar el confort diario.<\/p><p>El gas natural, una energ\u00eda limpia y eficiente, es principalmente una mezcla de metano con peque\u00f1as cantidades de otros componentes. Se forma de materia org\u00e1nica bajo la tierra a trav\u00e9s de millones de a\u00f1os, ofreci\u00e9ndote una fuente de energ\u00eda continua y fiable.<\/p><p>Nuestra Tarifa Fija de Gas Natural te garantiza un precio constante durante el periodo de tu contrato, independientemente de las fluctuaciones del mercado. As\u00ed, puedes gestionar mejor tu presupuesto con la certeza de que el costo del gas no aumentar\u00e1.<\/p><p>Con Next Energ\u00eda, no solo ahorras en tu consumo, sino que tambi\u00e9n te beneficias de un suministro sin interrupciones. Nuestro servicio incluye instalaciones r\u00e1pidas y sencillas, adem\u00e1s de revisiones peri\u00f3dicas para asegurar tu tranquilidad y seguridad. Disfruta del acceso ininterrumpido a agua caliente, calefacci\u00f3n y cocina, todo m\u00e1s eficiente y econ\u00f3mico que las alternativas tradicionales.<\/p><p><strong>\u00bfPor qu\u00e9 elegir nuestra Tarifa Fija?<\/strong><\/p><ul><li><strong>Precio Garantizado:<\/strong> Tu tarifa no cambiar\u00e1 durante el t\u00e9rmino del contrato.<\/li><li><strong>Suministro Continuo:<\/strong> Sin cortes ni interrupciones, ideal para calefacci\u00f3n y agua caliente.<\/li><li><strong>Instalaci\u00f3n y Mantenimiento Sencillos:<\/strong> Bajos costes de mantenimiento y un servicio al cliente excepcional.<\/li><\/ul><p>Next Energ\u00eda se compromete a proporcionar una energ\u00eda m\u00e1s limpia. El gas natural es menos contaminante comparado con otros combustibles f\u00f3siles, contribuyendo a un menor impacto ambiental gracias a una combusti\u00f3n que produce menos CO2 y no genera lluvia \u00e1cida.<\/p><p><strong>\u00a1Transforma tu hogar con Next Energ\u00eda y vive la diferencia de un servicio que prioriza tu comodidad y seguridad!<\/strong><\/p><\/div><section id=\"section-388-210\" class=\" ct-section adx_div_quote_section\"><div class=\"ct-section-inner-wrap\"><div id=\"div_block-389-210\" class=\"ct-div-block adx_div_quote\"><div id=\"_rich_text-390-210\" class=\"oxy-rich-text\"><p>F\u00d3RMULA INDEXADO<\/p><\/div><\/div><\/div><\/section><section id=\"section-392-210\" class=\" ct-section\"><div class=\"ct-section-inner-wrap\"><div id=\"_rich_text-396-331\" class=\"oxy-rich-text\"><p>GAS NATURAL A PRECIO INDEXADO: El importe final a aplicar ser\u00e1 suma del precio del T\u00c9RMINO FIJO, indicado en la tabla anterior y aplicado seg\u00fan el escal\u00f3n de peaje asignado por parte de la distribuidora, y del T\u00c9RMINO DE ENERGIA, calculado seg\u00fan la siguiente f\u00f3rmula y aplicado al consumo del cliente con un perfilado diario proporcional al perfil de la demanda nacional convencional publicada en la web de Enag\u00e1s. Adicionalmente se aplicar\u00e1 un Coste Financiero del 1,1% sobre todos los componentes del contrato incluido IVA.<\/p><table><tbody><tr><td><h3><strong>TE<sub>d<\/sub>= [(Mibgas<sub>d<\/sub>+D<sub>d<\/sub>)*(1+Mermas)+COS<sub>d<\/sub>+ GO<sub>d<\/sub>] * 1,015 + PaTV<sub>d<\/sub><\/strong><\/h3><\/td><\/tr><\/tbody><\/table><h3>D\u00f3nde:<\/h3><p>TEd = T\u00e9rmino diario de energ\u00eda<br \/>Mibgasd = El precio ser\u00e1 el resultado del \u00abDaily Auction Price\/Opening price\u00bb definido como \u00abel precio de casaci\u00f3n de la subasta en una sesi\u00f3n de negociaci\u00f3n para un producto espec\u00edfico.\u00bb publicado en MIBGAS con entrega en PVB. &#8211; Para d\u00edas laborables (de lunes a viernes) el precio ser\u00e1 el del producto \u00abGDAES_D+X\u00bb fijado el d\u00eda laborable inmediatamente anterior. &#8211; Para fines de semana (de s\u00e1bado a domingo) el precio ser\u00e1 el del producto \u00abGWEES\u00bb fijado el d\u00eda laborable inmediatamente anterior.<br \/>COSd = Cuota CORES + Coste reservas de gas estrat\u00e9gicas + Fondo Eficiencia Energ\u00e9tica<br \/>Dd = Desbalance en la programaci\u00f3n<br \/>PaTVd = T\u00e9rmino variable del peaje de acceso a la red de gasoductos<br \/>GOd = Gastos Operativos, seg\u00fan tabla de precios<\/p><\/div><\/div><\/section><\/div>\t\t\t\t\t\t\t\t<\/div>\n\t\t\t\t<\/div>\n\t\t\t\t\t<\/div>\n\t\t<\/div>\n\t\t\t\t\t<\/div>\n\t\t<\/section>\n\t\t\t\t\t<\/div>\n\t\t<\/div>\n\t\t\t\t\t<\/div>\n\t\t<\/section>\n\t\t\t\t<\/div>\n\t\t","protected":false},"excerpt":{"rendered":"<p>Indexed Gas Tariffs At Next Energ\u00eda, we understand that every household has unique needs. That&#039;s why we offer you<\/p>","protected":false},"author":156,"featured_media":26799,"parent":28345,"menu_order":8,"comment_status":"closed","ping_status":"closed","template":"","meta":{"footnotes":""},"class_list":["post-28362","page","type-page","status-publish","has-post-thumbnail","hentry"],"yoast_head":"<!-- This site is optimized with the Yoast SEO Premium plugin v21.6 (Yoast SEO v27.1.1) - https:\/\/yoast.com\/product\/yoast-seo-premium-wordpress\/ -->\n<title>Tarifas Indexadas de Gas para Hogar | Flexibilidad y Ahorro | NEXT ENERG\u00cdA<\/title>\n<meta name=\"description\" content=\"Benef\u00edciate de la flexibilidad del mercado con las tarifas indexadas de gas de NEXT ENERG\u00cdA. Ajusta tus costos seg\u00fan las condiciones del mercado y maximiza tu ahorro. Ideal para quienes buscan optimizar sus gastos energ\u00e9ticos. \u00a1Descubre m\u00e1s y ajusta tu tarifa hoy!\" \/>\n<meta name=\"robots\" content=\"index, follow, max-snippet:-1, max-image-preview:large, max-video-preview:-1\" \/>\n<link rel=\"canonical\" href=\"https:\/\/lykosenergia.com\/en\/tarifas\/hogar\/tarifas-de-gas\/tarifas-indexada-gas\/\" \/>\n<meta property=\"og:locale\" content=\"en_GB\" \/>\n<meta property=\"og:type\" content=\"article\" \/>\n<meta property=\"og:title\" content=\"Tarifas indexada gas\" \/>\n<meta property=\"og:description\" content=\"Benef\u00edciate de la flexibilidad del mercado con las tarifas indexadas de gas de NEXT ENERG\u00cdA. Ajusta tus costos seg\u00fan las condiciones del mercado y maximiza tu ahorro. Ideal para quienes buscan optimizar sus gastos energ\u00e9ticos. \u00a1Descubre m\u00e1s y ajusta tu tarifa hoy!\" \/>\n<meta property=\"og:url\" content=\"https:\/\/lykosenergia.com\/en\/tarifas\/hogar\/tarifas-de-gas\/tarifas-indexada-gas\/\" \/>\n<meta property=\"og:site_name\" content=\"Distribuidor energia Lykos Energ\u00eda\" \/>\n<meta property=\"article:modified_time\" content=\"2024-06-28T10:15:43+00:00\" \/>\n<meta property=\"og:image\" content=\"https:\/\/lykosenergia.com\/wp-content\/uploads\/2023\/12\/19298-1-1.jpg\" \/>\n\t<meta property=\"og:image:width\" content=\"500\" \/>\n\t<meta property=\"og:image:height\" content=\"334\" \/>\n\t<meta property=\"og:image:type\" content=\"image\/jpeg\" \/>\n<meta name=\"twitter:card\" content=\"summary_large_image\" \/>\n<meta name=\"twitter:label1\" content=\"Estimated reading time\" \/>\n\t<meta name=\"twitter:data1\" content=\"3 minutes\" \/>\n<!-- \/ Yoast SEO Premium plugin. -->","yoast_head_json":{"title":"Indexed Gas Rates for Homes | Flexibility and Savings | NEXT ENERGY","description":"Take advantage of market flexibility with NEXT ENERG\u00cdA&#039;s indexed gas tariffs. Adjust your costs according to market conditions and maximize your savings. Ideal for those looking to optimize their energy expenses. Discover more and adjust your tariff today!","robots":{"index":"index","follow":"follow","max-snippet":"max-snippet:-1","max-image-preview":"max-image-preview:large","max-video-preview":"max-video-preview:-1"},"canonical":"https:\/\/lykosenergia.com\/en\/tarifas\/hogar\/tarifas-de-gas\/tarifas-indexada-gas\/","og_locale":"en_GB","og_type":"article","og_title":"Tarifas indexada gas","og_description":"Benef\u00edciate de la flexibilidad del mercado con las tarifas indexadas de gas de NEXT ENERG\u00cdA. Ajusta tus costos seg\u00fan las condiciones del mercado y maximiza tu ahorro. Ideal para quienes buscan optimizar sus gastos energ\u00e9ticos. \u00a1Descubre m\u00e1s y ajusta tu tarifa hoy!","og_url":"https:\/\/lykosenergia.com\/en\/tarifas\/hogar\/tarifas-de-gas\/tarifas-indexada-gas\/","og_site_name":"Distribuidor energia Lykos Energ\u00eda","article_modified_time":"2024-06-28T10:15:43+00:00","og_image":[{"width":500,"height":334,"url":"https:\/\/lykosenergia.com\/wp-content\/uploads\/2023\/12\/19298-1-1.jpg","type":"image\/jpeg"}],"twitter_card":"summary_large_image","twitter_misc":{"Estimated reading time":"3 minutes"},"schema":{"@context":"https:\/\/schema.org","@graph":[{"@type":"WebPage","@id":"https:\/\/lykosenergia.com\/tarifas\/hogar\/tarifas-de-gas\/tarifas-indexada-gas\/","url":"https:\/\/lykosenergia.com\/tarifas\/hogar\/tarifas-de-gas\/tarifas-indexada-gas\/","name":"Indexed Gas Rates for Homes | Flexibility and Savings | NEXT ENERGY","isPartOf":{"@id":"https:\/\/lykosenergia.com\/#website"},"primaryImageOfPage":{"@id":"https:\/\/lykosenergia.com\/tarifas\/hogar\/tarifas-de-gas\/tarifas-indexada-gas\/#primaryimage"},"image":{"@id":"https:\/\/lykosenergia.com\/tarifas\/hogar\/tarifas-de-gas\/tarifas-indexada-gas\/#primaryimage"},"thumbnailUrl":"https:\/\/lykosenergia.com\/wp-content\/uploads\/2023\/12\/19298-1-1.jpg","datePublished":"2024-06-27T10:15:10+00:00","dateModified":"2024-06-28T10:15:43+00:00","description":"Take advantage of market flexibility with NEXT ENERG\u00cdA&#039;s indexed gas tariffs. Adjust your costs according to market conditions and maximize your savings. Ideal for those looking to optimize their energy expenses. Discover more and adjust your tariff today!","breadcrumb":{"@id":"https:\/\/lykosenergia.com\/tarifas\/hogar\/tarifas-de-gas\/tarifas-indexada-gas\/#breadcrumb"},"inLanguage":"en-GB","potentialAction":[{"@type":"ReadAction","target":["https:\/\/lykosenergia.com\/tarifas\/hogar\/tarifas-de-gas\/tarifas-indexada-gas\/"]}]},{"@type":"ImageObject","inLanguage":"en-GB","@id":"https:\/\/lykosenergia.com\/tarifas\/hogar\/tarifas-de-gas\/tarifas-indexada-gas\/#primaryimage","url":"https:\/\/lykosenergia.com\/wp-content\/uploads\/2023\/12\/19298-1-1.jpg","contentUrl":"https:\/\/lykosenergia.com\/wp-content\/uploads\/2023\/12\/19298-1-1.jpg","width":500,"height":334},{"@type":"BreadcrumbList","@id":"https:\/\/lykosenergia.com\/tarifas\/hogar\/tarifas-de-gas\/tarifas-indexada-gas\/#breadcrumb","itemListElement":[{"@type":"ListItem","position":1,"name":"Portada","item":"https:\/\/lykosenergia.com\/"},{"@type":"ListItem","position":2,"name":"Tarifas","item":"https:\/\/lykosenergia.com\/tarifas\/"},{"@type":"ListItem","position":3,"name":"Hogar","item":"https:\/\/lykosenergia.com\/tarifas\/hogar\/"},{"@type":"ListItem","position":4,"name":"Tarifas de gas","item":"https:\/\/lykosenergia.com\/tarifas\/hogar\/tarifas-de-gas\/"},{"@type":"ListItem","position":5,"name":"Tarifas indexada gas"}]},{"@type":"WebSite","@id":"https:\/\/lykosenergia.com\/#website","url":"https:\/\/lykosenergia.com\/","name":"Lykos Energy Distributor","description":"Energy consultant, sales channels","potentialAction":[{"@type":"SearchAction","target":{"@type":"EntryPoint","urlTemplate":"https:\/\/lykosenergia.com\/?s={search_term_string}"},"query-input":{"@type":"PropertyValueSpecification","valueRequired":true,"valueName":"search_term_string"}}],"inLanguage":"en-GB"}]}},"_links":{"self":[{"href":"https:\/\/lykosenergia.com\/en\/wp-json\/wp\/v2\/pages\/28362","targetHints":{"allow":["GET"]}}],"collection":[{"href":"https:\/\/lykosenergia.com\/en\/wp-json\/wp\/v2\/pages"}],"about":[{"href":"https:\/\/lykosenergia.com\/en\/wp-json\/wp\/v2\/types\/page"}],"author":[{"embeddable":true,"href":"https:\/\/lykosenergia.com\/en\/wp-json\/wp\/v2\/users\/156"}],"replies":[{"embeddable":true,"href":"https:\/\/lykosenergia.com\/en\/wp-json\/wp\/v2\/comments?post=28362"}],"version-history":[{"count":0,"href":"https:\/\/lykosenergia.com\/en\/wp-json\/wp\/v2\/pages\/28362\/revisions"}],"up":[{"embeddable":true,"href":"https:\/\/lykosenergia.com\/en\/wp-json\/wp\/v2\/pages\/28345"}],"wp:featuredmedia":[{"embeddable":true,"href":"https:\/\/lykosenergia.com\/en\/wp-json\/wp\/v2\/media\/26799"}],"wp:attachment":[{"href":"https:\/\/lykosenergia.com\/en\/wp-json\/wp\/v2\/media?parent=28362"}],"curies":[{"name":"wp","href":"https:\/\/api.w.org\/{rel}","templated":true}]}}