{"id":28398,"date":"2024-06-28T12:39:24","date_gmt":"2024-06-28T10:39:24","guid":{"rendered":"https:\/\/canales.lykosenergia.com\/?page_id=28398"},"modified":"2024-06-28T12:42:18","modified_gmt":"2024-06-28T10:42:18","slug":"tarifas-de-gas","status":"publish","type":"page","link":"https:\/\/lykosenergia.com\/en\/tarifas\/locales-y-negocios\/tarifas-de-gas\/","title":{"rendered":"Gas tariffs"},"content":{"rendered":"<div data-elementor-type=\"wp-post\" data-elementor-id=\"28398\" class=\"elementor elementor-28398\" data-elementor-post-type=\"page\">\n\t\t\t\t\t\t<section data-particle_enable=\"false\" data-particle-mobile-disabled=\"false\" class=\"wd-negative-gap elementor-section elementor-top-section elementor-element elementor-element-b12dea8 elementor-section-full_width elementor-section-height-min-height wd-section-stretch elementor-section-height-default elementor-section-items-middle\" data-id=\"b12dea8\" data-element_type=\"section\" data-e-type=\"section\" data-settings=\"{&quot;background_background&quot;:&quot;video&quot;,&quot;background_play_on_mobile&quot;:&quot;yes&quot;,&quot;background_video_link&quot;:&quot;https:\\\/\\\/lykosenergia.com\\\/wp-content\\\/uploads\\\/2024\\\/06\\\/5444241_Coll_wavebreak_Animation_Financial-Data_1920x1080.mp4&quot;}\">\n\t\t\t\t\t\t\t\t<div class=\"elementor-background-video-container\">\n\t\t\t\t\t\t\t\t\t\t\t\t\t<video class=\"elementor-background-video-hosted\" role=\"presentation\" autoplay muted playsinline loop><\/video>\n\t\t\t\t\t\t\t\t\t\t\t<\/div>\n\t\t\t\t\t\t\t\t\t<div class=\"elementor-background-overlay\"><\/div>\n\t\t\t\t\t\t\t<div class=\"elementor-container elementor-column-gap-no\">\n\t\t\t\t\t<div class=\"elementor-column elementor-col-100 elementor-top-column elementor-element elementor-element-5c4fc4c color-scheme-light\" data-id=\"5c4fc4c\" data-element_type=\"column\" data-e-type=\"column\">\n\t\t\t<div class=\"elementor-widget-wrap elementor-element-populated\">\n\t\t\t\t\t\t<div class=\"elementor-element elementor-element-f6ed43c elementor-widget elementor-widget-heading\" data-id=\"f6ed43c\" data-element_type=\"widget\" data-e-type=\"widget\" data-widget_type=\"heading.default\">\n\t\t\t\t<div class=\"elementor-widget-container\">\n\t\t\t\t\t<h1 class=\"elementor-heading-title elementor-size-default\">\nBusiness gas rates<\/h1>\t\t\t\t<\/div>\n\t\t\t\t<\/div>\n\t\t\t\t\t<\/div>\n\t\t<\/div>\n\t\t\t\t\t<\/div>\n\t\t<\/section>\n\t\t\t\t<section data-particle_enable=\"false\" data-particle-mobile-disabled=\"false\" class=\"wd-negative-gap elementor-section elementor-top-section elementor-element elementor-element-b5527db elementor-section-boxed elementor-section-height-default elementor-section-height-default\" data-id=\"b5527db\" data-element_type=\"section\" data-e-type=\"section\">\n\t\t\t\t\t\t<div class=\"elementor-container elementor-column-gap-default\">\n\t\t\t\t\t<div class=\"elementor-column elementor-col-100 elementor-top-column elementor-element elementor-element-a9b384a\" data-id=\"a9b384a\" data-element_type=\"column\" data-e-type=\"column\" data-settings=\"{&quot;background_background&quot;:&quot;classic&quot;}\">\n\t\t\t<div class=\"elementor-widget-wrap elementor-element-populated\">\n\t\t\t\t\t\t<section data-particle_enable=\"false\" data-particle-mobile-disabled=\"false\" class=\"elementor-section elementor-inner-section elementor-element elementor-element-a645139 elementor-section-boxed elementor-section-height-default elementor-section-height-default\" data-id=\"a645139\" data-element_type=\"section\" data-e-type=\"section\">\n\t\t\t\t\t\t<div class=\"elementor-container elementor-column-gap-default\">\n\t\t\t\t\t<div class=\"elementor-column elementor-col-50 elementor-inner-column elementor-element elementor-element-736fd29\" data-id=\"736fd29\" data-element_type=\"column\" data-e-type=\"column\">\n\t\t\t<div class=\"elementor-widget-wrap elementor-element-populated\">\n\t\t\t\t\t\t<div class=\"elementor-element elementor-element-7c2e6f4 elementor-widget elementor-widget-heading\" data-id=\"7c2e6f4\" data-element_type=\"widget\" data-e-type=\"widget\" data-widget_type=\"heading.default\">\n\t\t\t\t<div class=\"elementor-widget-container\">\n\t\t\t\t\t<h2 class=\"elementor-heading-title elementor-size-default\">Gas rates for businesses and premises<\/h2>\t\t\t\t<\/div>\n\t\t\t\t<\/div>\n\t\t\t\t<div class=\"elementor-element elementor-element-0c630b9 color-scheme-inherit text-left elementor-widget elementor-widget-text-editor\" data-id=\"0c630b9\" data-element_type=\"widget\" data-e-type=\"widget\" data-widget_type=\"text-editor.default\">\n\t\t\t\t<div class=\"elementor-widget-container\">\n\t\t\t\t\t\t\t\t\t<p>At NEXT ENERG\u00cdA, we understand that every business has unique energy consumption needs. That&#039;s why we offer natural gas rates designed to perfectly fit your company&#039;s consumption patterns. Using natural gas efficiently will not only allow you to achieve significant energy savings, but also maintain the ideal environment in your business every day. Let us show you everything you need to know about this vital energy source!<\/p><p>Natural gas, a fossil fuel consisting primarily of methane and traces of other hydrocarbons, is extracted from the subsoil after millions of years of transformation of organic matter under high pressure and temperature. It is a clean and efficient energy option for all types of commercial operations.<\/p><p>With our Indexed Natural Gas Tariff, the cost of your consumption will adjust according to fluctuations in the wholesale gas market, plus an administrative fee. This pricing structure is not only transparent but also allows you to maximize savings by aligning your expenses with the actual cost of gas. Our tariffs apply to both low- and high-pressure connections, offering flexibility and control over your energy costs in any business scenario.<\/p>\t\t\t\t\t\t\t\t<\/div>\n\t\t\t\t<\/div>\n\t\t\t\t\t<\/div>\n\t\t<\/div>\n\t\t\t\t<div class=\"elementor-column elementor-col-50 elementor-inner-column elementor-element elementor-element-8f18138 elementor-hidden-tablet elementor-hidden-mobile\" data-id=\"8f18138\" data-element_type=\"column\" data-e-type=\"column\" data-settings=\"{&quot;background_background&quot;:&quot;classic&quot;}\">\n\t\t\t<div class=\"elementor-widget-wrap\">\n\t\t\t\t\t\t\t<\/div>\n\t\t<\/div>\n\t\t\t\t\t<\/div>\n\t\t<\/section>\n\t\t\t\t\t<\/div>\n\t\t<\/div>\n\t\t\t\t\t<\/div>\n\t\t<\/section>\n\t\t\t\t<\/div>","protected":false},"excerpt":{"rendered":"<p>Gas tariffs for businesses. Gas tariffs for businesses and premises. At NEXT ENERG\u00cdA, we understand that every business has unique needs.<\/p>","protected":false},"author":156,"featured_media":26799,"parent":28386,"menu_order":7,"comment_status":"closed","ping_status":"closed","template":"","meta":{"footnotes":""},"class_list":["post-28398","page","type-page","status-publish","has-post-thumbnail","hentry"],"yoast_head":"<!-- This site is optimized with the Yoast SEO Premium plugin v21.6 (Yoast SEO v27.1.1) - https:\/\/yoast.com\/product\/yoast-seo-premium-wordpress\/ -->\n<title>Tarifas Indexadas de Gas Natural para Negocios | Ahorro y Eficiencia | NEXT ENERG\u00cdA<\/title>\n<meta name=\"description\" content=\"Descubre c\u00f3mo las tarifas indexadas de gas natural de NEXT ENERG\u00cdA pueden ayudar a tu negocio a maximizar el ahorro y mejorar la eficiencia energ\u00e9tica. Ajusta tus costos de gas seg\u00fan el mercado y optimiza tu consumo con nuestras soluciones flexibles y transparentes.\" \/>\n<meta name=\"robots\" content=\"index, follow, max-snippet:-1, max-image-preview:large, max-video-preview:-1\" \/>\n<link rel=\"canonical\" href=\"https:\/\/lykosenergia.com\/en\/tarifas\/locales-y-negocios\/tarifas-de-gas\/\" \/>\n<meta property=\"og:locale\" content=\"en_GB\" \/>\n<meta property=\"og:type\" content=\"article\" \/>\n<meta property=\"og:title\" content=\"Tarifas de gas\" \/>\n<meta property=\"og:description\" content=\"Descubre c\u00f3mo las tarifas indexadas de gas natural de NEXT ENERG\u00cdA pueden ayudar a tu negocio a maximizar el ahorro y mejorar la eficiencia energ\u00e9tica. Ajusta tus costos de gas seg\u00fan el mercado y optimiza tu consumo con nuestras soluciones flexibles y transparentes.\" \/>\n<meta property=\"og:url\" content=\"https:\/\/lykosenergia.com\/en\/tarifas\/locales-y-negocios\/tarifas-de-gas\/\" \/>\n<meta property=\"og:site_name\" content=\"Distribuidor energia Lykos Energ\u00eda\" \/>\n<meta property=\"article:modified_time\" content=\"2024-06-28T10:42:18+00:00\" \/>\n<meta property=\"og:image\" content=\"https:\/\/lykosenergia.com\/wp-content\/uploads\/2023\/12\/19298-1-1.jpg\" \/>\n\t<meta property=\"og:image:width\" content=\"500\" \/>\n\t<meta property=\"og:image:height\" content=\"334\" \/>\n\t<meta property=\"og:image:type\" content=\"image\/jpeg\" \/>\n<meta name=\"twitter:card\" content=\"summary_large_image\" \/>\n<meta name=\"twitter:label1\" content=\"Estimated reading time\" \/>\n\t<meta name=\"twitter:data1\" content=\"2 minutes\" \/>\n<!-- \/ Yoast SEO Premium plugin. -->","yoast_head_json":{"title":"Indexed Natural Gas Rates for Businesses | Savings and Efficiency | NEXT ENERGY","description":"Discover how NEXT ENERG\u00cdA&#039;s indexed natural gas tariffs can help your business maximize savings and improve energy efficiency. Adjust your gas costs according to the market and optimize your consumption with our flexible and transparent solutions.","robots":{"index":"index","follow":"follow","max-snippet":"max-snippet:-1","max-image-preview":"max-image-preview:large","max-video-preview":"max-video-preview:-1"},"canonical":"https:\/\/lykosenergia.com\/en\/tarifas\/locales-y-negocios\/tarifas-de-gas\/","og_locale":"en_GB","og_type":"article","og_title":"Tarifas de gas","og_description":"Descubre c\u00f3mo las tarifas indexadas de gas natural de NEXT ENERG\u00cdA pueden ayudar a tu negocio a maximizar el ahorro y mejorar la eficiencia energ\u00e9tica. Ajusta tus costos de gas seg\u00fan el mercado y optimiza tu consumo con nuestras soluciones flexibles y transparentes.","og_url":"https:\/\/lykosenergia.com\/en\/tarifas\/locales-y-negocios\/tarifas-de-gas\/","og_site_name":"Distribuidor energia Lykos Energ\u00eda","article_modified_time":"2024-06-28T10:42:18+00:00","og_image":[{"width":500,"height":334,"url":"https:\/\/lykosenergia.com\/wp-content\/uploads\/2023\/12\/19298-1-1.jpg","type":"image\/jpeg"}],"twitter_card":"summary_large_image","twitter_misc":{"Estimated reading time":"2 minutes"},"schema":{"@context":"https:\/\/schema.org","@graph":[{"@type":"WebPage","@id":"https:\/\/lykosenergia.com\/tarifas\/locales-y-negocios\/tarifas-de-gas\/","url":"https:\/\/lykosenergia.com\/tarifas\/locales-y-negocios\/tarifas-de-gas\/","name":"Indexed Natural Gas Rates for Businesses | Savings and Efficiency | NEXT ENERGY","isPartOf":{"@id":"https:\/\/lykosenergia.com\/#website"},"primaryImageOfPage":{"@id":"https:\/\/lykosenergia.com\/tarifas\/locales-y-negocios\/tarifas-de-gas\/#primaryimage"},"image":{"@id":"https:\/\/lykosenergia.com\/tarifas\/locales-y-negocios\/tarifas-de-gas\/#primaryimage"},"thumbnailUrl":"https:\/\/lykosenergia.com\/wp-content\/uploads\/2023\/12\/19298-1-1.jpg","datePublished":"2024-06-28T10:39:24+00:00","dateModified":"2024-06-28T10:42:18+00:00","description":"Discover how NEXT ENERG\u00cdA&#039;s indexed natural gas tariffs can help your business maximize savings and improve energy efficiency. Adjust your gas costs according to the market and optimize your consumption with our flexible and transparent solutions.","breadcrumb":{"@id":"https:\/\/lykosenergia.com\/tarifas\/locales-y-negocios\/tarifas-de-gas\/#breadcrumb"},"inLanguage":"en-GB","potentialAction":[{"@type":"ReadAction","target":["https:\/\/lykosenergia.com\/tarifas\/locales-y-negocios\/tarifas-de-gas\/"]}]},{"@type":"ImageObject","inLanguage":"en-GB","@id":"https:\/\/lykosenergia.com\/tarifas\/locales-y-negocios\/tarifas-de-gas\/#primaryimage","url":"https:\/\/lykosenergia.com\/wp-content\/uploads\/2023\/12\/19298-1-1.jpg","contentUrl":"https:\/\/lykosenergia.com\/wp-content\/uploads\/2023\/12\/19298-1-1.jpg","width":500,"height":334},{"@type":"BreadcrumbList","@id":"https:\/\/lykosenergia.com\/tarifas\/locales-y-negocios\/tarifas-de-gas\/#breadcrumb","itemListElement":[{"@type":"ListItem","position":1,"name":"Portada","item":"https:\/\/lykosenergia.com\/"},{"@type":"ListItem","position":2,"name":"Tarifas","item":"https:\/\/lykosenergia.com\/tarifas\/"},{"@type":"ListItem","position":3,"name":"Locales y Negocios","item":"https:\/\/lykosenergia.com\/tarifas\/locales-y-negocios\/"},{"@type":"ListItem","position":4,"name":"Tarifas de gas"}]},{"@type":"WebSite","@id":"https:\/\/lykosenergia.com\/#website","url":"https:\/\/lykosenergia.com\/","name":"Lykos Energy Distributor","description":"Energy consultant, sales channels","potentialAction":[{"@type":"SearchAction","target":{"@type":"EntryPoint","urlTemplate":"https:\/\/lykosenergia.com\/?s={search_term_string}"},"query-input":{"@type":"PropertyValueSpecification","valueRequired":true,"valueName":"search_term_string"}}],"inLanguage":"en-GB"}]}},"_links":{"self":[{"href":"https:\/\/lykosenergia.com\/en\/wp-json\/wp\/v2\/pages\/28398","targetHints":{"allow":["GET"]}}],"collection":[{"href":"https:\/\/lykosenergia.com\/en\/wp-json\/wp\/v2\/pages"}],"about":[{"href":"https:\/\/lykosenergia.com\/en\/wp-json\/wp\/v2\/types\/page"}],"author":[{"embeddable":true,"href":"https:\/\/lykosenergia.com\/en\/wp-json\/wp\/v2\/users\/156"}],"replies":[{"embeddable":true,"href":"https:\/\/lykosenergia.com\/en\/wp-json\/wp\/v2\/comments?post=28398"}],"version-history":[{"count":0,"href":"https:\/\/lykosenergia.com\/en\/wp-json\/wp\/v2\/pages\/28398\/revisions"}],"up":[{"embeddable":true,"href":"https:\/\/lykosenergia.com\/en\/wp-json\/wp\/v2\/pages\/28386"}],"wp:featuredmedia":[{"embeddable":true,"href":"https:\/\/lykosenergia.com\/en\/wp-json\/wp\/v2\/media\/26799"}],"wp:attachment":[{"href":"https:\/\/lykosenergia.com\/en\/wp-json\/wp\/v2\/media?parent=28398"}],"curies":[{"name":"wp","href":"https:\/\/api.w.org\/{rel}","templated":true}]}}