{"id":28421,"date":"2024-06-28T13:25:43","date_gmt":"2024-06-28T11:25:43","guid":{"rendered":"https:\/\/canales.lykosenergia.com\/?page_id=28421"},"modified":"2024-06-28T13:28:29","modified_gmt":"2024-06-28T11:28:29","slug":"tarifas-fija-luz","status":"publish","type":"page","link":"https:\/\/lykosenergia.com\/en\/tarifas\/locales-y-negocios\/tarifas-de-luz\/tarifas-fija-luz\/","title":{"rendered":"Fixed electricity rates"},"content":{"rendered":"<div data-elementor-type=\"wp-post\" data-elementor-id=\"28421\" class=\"elementor elementor-28421\" data-elementor-post-type=\"page\">\n\t\t\t\t\t\t<section data-particle_enable=\"false\" data-particle-mobile-disabled=\"false\" class=\"wd-negative-gap elementor-section elementor-top-section elementor-element elementor-element-b12dea8 elementor-section-full_width elementor-section-height-min-height wd-section-stretch elementor-section-height-default elementor-section-items-middle\" data-id=\"b12dea8\" data-element_type=\"section\" data-e-type=\"section\" data-settings=\"{&quot;background_background&quot;:&quot;video&quot;,&quot;background_play_on_mobile&quot;:&quot;yes&quot;,&quot;background_video_link&quot;:&quot;https:\\\/\\\/lykosenergia.com\\\/wp-content\\\/uploads\\\/2024\\\/06\\\/5444241_Coll_wavebreak_Animation_Financial-Data_1920x1080.mp4&quot;}\">\n\t\t\t\t\t\t\t\t<div class=\"elementor-background-video-container\">\n\t\t\t\t\t\t\t\t\t\t\t\t\t<video class=\"elementor-background-video-hosted\" role=\"presentation\" autoplay muted playsinline loop><\/video>\n\t\t\t\t\t\t\t\t\t\t\t<\/div>\n\t\t\t\t\t\t\t\t\t<div class=\"elementor-background-overlay\"><\/div>\n\t\t\t\t\t\t\t<div class=\"elementor-container elementor-column-gap-no\">\n\t\t\t\t\t<div class=\"elementor-column elementor-col-100 elementor-top-column elementor-element elementor-element-5c4fc4c color-scheme-light\" data-id=\"5c4fc4c\" data-element_type=\"column\" data-e-type=\"column\">\n\t\t\t<div class=\"elementor-widget-wrap elementor-element-populated\">\n\t\t\t\t\t\t<div class=\"elementor-element elementor-element-f6ed43c elementor-widget elementor-widget-heading\" data-id=\"f6ed43c\" data-element_type=\"widget\" data-e-type=\"widget\" data-widget_type=\"heading.default\">\n\t\t\t\t<div class=\"elementor-widget-container\">\n\t\t\t\t\t<h1 class=\"elementor-heading-title elementor-size-default\">\nFixed electricity rates for businesses<\/h1>\t\t\t\t<\/div>\n\t\t\t\t<\/div>\n\t\t\t\t\t<\/div>\n\t\t<\/div>\n\t\t\t\t\t<\/div>\n\t\t<\/section>\n\t\t\t\t<section data-particle_enable=\"false\" data-particle-mobile-disabled=\"false\" class=\"wd-negative-gap elementor-section elementor-top-section elementor-element elementor-element-b5527db elementor-section-boxed elementor-section-height-default elementor-section-height-default\" data-id=\"b5527db\" data-element_type=\"section\" data-e-type=\"section\">\n\t\t\t\t\t\t<div class=\"elementor-container elementor-column-gap-default\">\n\t\t\t\t\t<div class=\"elementor-column elementor-col-100 elementor-top-column elementor-element elementor-element-a9b384a\" data-id=\"a9b384a\" data-element_type=\"column\" data-e-type=\"column\" data-settings=\"{&quot;background_background&quot;:&quot;classic&quot;}\">\n\t\t\t<div class=\"elementor-widget-wrap elementor-element-populated\">\n\t\t\t\t\t\t<section data-particle_enable=\"false\" data-particle-mobile-disabled=\"false\" class=\"elementor-section elementor-inner-section elementor-element elementor-element-a645139 elementor-section-boxed elementor-section-height-default elementor-section-height-default\" data-id=\"a645139\" data-element_type=\"section\" data-e-type=\"section\">\n\t\t\t\t\t\t<div class=\"elementor-container elementor-column-gap-default\">\n\t\t\t\t\t<div class=\"elementor-column elementor-col-100 elementor-inner-column elementor-element elementor-element-736fd29\" data-id=\"736fd29\" data-element_type=\"column\" data-e-type=\"column\">\n\t\t\t<div class=\"elementor-widget-wrap elementor-element-populated\">\n\t\t\t\t\t\t<div class=\"elementor-element elementor-element-7c2e6f4 elementor-widget elementor-widget-heading\" data-id=\"7c2e6f4\" data-element_type=\"widget\" data-e-type=\"widget\" data-widget_type=\"heading.default\">\n\t\t\t\t<div class=\"elementor-widget-container\">\n\t\t\t\t\t<h2 class=\"elementor-heading-title elementor-size-default\">Fixed electricity rates for businesses and premises<\/h2>\t\t\t\t<\/div>\n\t\t\t\t<\/div>\n\t\t\t\t<div class=\"elementor-element elementor-element-0c630b9 color-scheme-inherit text-left elementor-widget elementor-widget-text-editor\" data-id=\"0c630b9\" data-element_type=\"widget\" data-e-type=\"widget\" data-widget_type=\"text-editor.default\">\n\t\t\t\t<div class=\"elementor-widget-container\">\n\t\t\t\t\t\t\t\t\t<p><strong>FIXED ELECTRICITY RATES WITH STABLE PRICES FOR BUSINESSES<\/strong><\/p><p>At NEXT, we understand that every business is unique and deserves an electricity tariff tailored to its specific energy consumption. Given the constant fluctuations in the energy market and recent changes to the distribution tariff system, it is crucial that businesses have access to predictable prices to better plan their expenses.<\/p><p>During a challenging year, in which many small and medium-sized businesses have had to innovate and adapt, at NEXT we&#039;ve decided to do the same. Our goal is to make your electricity bill no longer a concern for your business.<\/p><p>We offer solutions tailored to each business profile, ensuring that energy adapts to your operational needs, not the other way around. With our tariffs <strong>RELAX and RELAX SME<\/strong>We offer a single competitive price for all periods of the day, allowing you to consume energy as you need it, without worrying about the time of day.<\/p><p>At NEXT, we value your time and how you choose to spend it. RELAX tariffs are designed under the new 2.0TD and 3.0TD access tariffs, eliminating time-of-use restrictions and giving you back complete control over your energy consumption.<\/p>\t\t\t\t\t\t\t\t<\/div>\n\t\t\t\t<\/div>\n\t\t\t\t\t<\/div>\n\t\t<\/div>\n\t\t\t\t\t<\/div>\n\t\t<\/section>\n\t\t\t\t\t<\/div>\n\t\t<\/div>\n\t\t\t\t\t<\/div>\n\t\t<\/section>\n\t\t\t\t<\/div>","protected":false},"excerpt":{"rendered":"<p>Fixed electricity rates for businesses. Fixed electricity rates for businesses and premises. FIXED ELECTRICITY RATES WITH STABLE PRICES FOR BUSINESSES. At NEXT,<\/p>","protected":false},"author":156,"featured_media":26799,"parent":28419,"menu_order":8,"comment_status":"closed","ping_status":"closed","template":"","meta":{"footnotes":""},"class_list":["post-28421","page","type-page","status-publish","has-post-thumbnail","hentry"],"yoast_head":"<!-- This site is optimized with the Yoast SEO Premium plugin v21.6 (Yoast SEO v27.1.1) - https:\/\/yoast.com\/product\/yoast-seo-premium-wordpress\/ -->\n<title>Tarifas Fijas de Luz para Negocios | Precios Estables Todo el D\u00eda | Next Energ\u00eda<\/title>\n<meta name=\"description\" content=\"Descubre las tarifas fijas de luz de Next Energ\u00eda, dise\u00f1adas para negocios que buscan previsibilidad en sus facturas de energ\u00eda. Aprovecha precios estables las 24 horas y toma control de tu consumo energ\u00e9tico sin preocuparte por el tiempo. Ideal para optimizar operaciones y reducir costos.\" \/>\n<meta name=\"robots\" content=\"index, follow, max-snippet:-1, max-image-preview:large, max-video-preview:-1\" \/>\n<link rel=\"canonical\" href=\"https:\/\/lykosenergia.com\/en\/tarifas\/locales-y-negocios\/tarifas-de-luz\/tarifas-fija-luz\/\" \/>\n<meta property=\"og:locale\" content=\"en_GB\" \/>\n<meta property=\"og:type\" content=\"article\" \/>\n<meta property=\"og:title\" content=\"Tarifas fija luz\" \/>\n<meta property=\"og:description\" content=\"Descubre las tarifas fijas de luz de Next Energ\u00eda, dise\u00f1adas para negocios que buscan previsibilidad en sus facturas de energ\u00eda. Aprovecha precios estables las 24 horas y toma control de tu consumo energ\u00e9tico sin preocuparte por el tiempo. Ideal para optimizar operaciones y reducir costos.\" \/>\n<meta property=\"og:url\" content=\"https:\/\/lykosenergia.com\/en\/tarifas\/locales-y-negocios\/tarifas-de-luz\/tarifas-fija-luz\/\" \/>\n<meta property=\"og:site_name\" content=\"Distribuidor energia Lykos Energ\u00eda\" \/>\n<meta property=\"article:modified_time\" content=\"2024-06-28T11:28:29+00:00\" \/>\n<meta property=\"og:image\" content=\"https:\/\/lykosenergia.com\/wp-content\/uploads\/2023\/12\/19298-1-1.jpg\" \/>\n\t<meta property=\"og:image:width\" content=\"500\" \/>\n\t<meta property=\"og:image:height\" content=\"334\" \/>\n\t<meta property=\"og:image:type\" content=\"image\/jpeg\" \/>\n<meta name=\"twitter:card\" content=\"summary_large_image\" \/>\n<meta name=\"twitter:label1\" content=\"Estimated reading time\" \/>\n\t<meta name=\"twitter:data1\" content=\"2 minutes\" \/>\n<!-- \/ Yoast SEO Premium plugin. -->","yoast_head_json":{"title":"Fixed Electricity Rates for Businesses | Stable Prices All Day | Next Energy","description":"Discover Next Energ\u00eda&#039;s fixed electricity rates, designed for businesses seeking predictable energy bills. Take advantage of stable prices 24\/7 and control your energy consumption without worrying about the time. Ideal for optimizing operations and reducing costs.","robots":{"index":"index","follow":"follow","max-snippet":"max-snippet:-1","max-image-preview":"max-image-preview:large","max-video-preview":"max-video-preview:-1"},"canonical":"https:\/\/lykosenergia.com\/en\/tarifas\/locales-y-negocios\/tarifas-de-luz\/tarifas-fija-luz\/","og_locale":"en_GB","og_type":"article","og_title":"Tarifas fija luz","og_description":"Descubre las tarifas fijas de luz de Next Energ\u00eda, dise\u00f1adas para negocios que buscan previsibilidad en sus facturas de energ\u00eda. Aprovecha precios estables las 24 horas y toma control de tu consumo energ\u00e9tico sin preocuparte por el tiempo. Ideal para optimizar operaciones y reducir costos.","og_url":"https:\/\/lykosenergia.com\/en\/tarifas\/locales-y-negocios\/tarifas-de-luz\/tarifas-fija-luz\/","og_site_name":"Distribuidor energia Lykos Energ\u00eda","article_modified_time":"2024-06-28T11:28:29+00:00","og_image":[{"width":500,"height":334,"url":"https:\/\/lykosenergia.com\/wp-content\/uploads\/2023\/12\/19298-1-1.jpg","type":"image\/jpeg"}],"twitter_card":"summary_large_image","twitter_misc":{"Estimated reading time":"2 minutes"},"schema":{"@context":"https:\/\/schema.org","@graph":[{"@type":"WebPage","@id":"https:\/\/lykosenergia.com\/tarifas\/locales-y-negocios\/tarifas-de-luz\/tarifas-fija-luz\/","url":"https:\/\/lykosenergia.com\/tarifas\/locales-y-negocios\/tarifas-de-luz\/tarifas-fija-luz\/","name":"Fixed Electricity Rates for Businesses | Stable Prices All Day | Next Energy","isPartOf":{"@id":"https:\/\/lykosenergia.com\/#website"},"primaryImageOfPage":{"@id":"https:\/\/lykosenergia.com\/tarifas\/locales-y-negocios\/tarifas-de-luz\/tarifas-fija-luz\/#primaryimage"},"image":{"@id":"https:\/\/lykosenergia.com\/tarifas\/locales-y-negocios\/tarifas-de-luz\/tarifas-fija-luz\/#primaryimage"},"thumbnailUrl":"https:\/\/lykosenergia.com\/wp-content\/uploads\/2023\/12\/19298-1-1.jpg","datePublished":"2024-06-28T11:25:43+00:00","dateModified":"2024-06-28T11:28:29+00:00","description":"Discover Next Energ\u00eda&#039;s fixed electricity rates, designed for businesses seeking predictable energy bills. Take advantage of stable prices 24\/7 and control your energy consumption without worrying about the time. Ideal for optimizing operations and reducing costs.","breadcrumb":{"@id":"https:\/\/lykosenergia.com\/tarifas\/locales-y-negocios\/tarifas-de-luz\/tarifas-fija-luz\/#breadcrumb"},"inLanguage":"en-GB","potentialAction":[{"@type":"ReadAction","target":["https:\/\/lykosenergia.com\/tarifas\/locales-y-negocios\/tarifas-de-luz\/tarifas-fija-luz\/"]}]},{"@type":"ImageObject","inLanguage":"en-GB","@id":"https:\/\/lykosenergia.com\/tarifas\/locales-y-negocios\/tarifas-de-luz\/tarifas-fija-luz\/#primaryimage","url":"https:\/\/lykosenergia.com\/wp-content\/uploads\/2023\/12\/19298-1-1.jpg","contentUrl":"https:\/\/lykosenergia.com\/wp-content\/uploads\/2023\/12\/19298-1-1.jpg","width":500,"height":334},{"@type":"BreadcrumbList","@id":"https:\/\/lykosenergia.com\/tarifas\/locales-y-negocios\/tarifas-de-luz\/tarifas-fija-luz\/#breadcrumb","itemListElement":[{"@type":"ListItem","position":1,"name":"Portada","item":"https:\/\/lykosenergia.com\/"},{"@type":"ListItem","position":2,"name":"Tarifas","item":"https:\/\/lykosenergia.com\/tarifas\/"},{"@type":"ListItem","position":3,"name":"Locales y Negocios","item":"https:\/\/lykosenergia.com\/tarifas\/locales-y-negocios\/"},{"@type":"ListItem","position":4,"name":"Tarifas de luz","item":"https:\/\/lykosenergia.com\/tarifas\/locales-y-negocios\/tarifas-de-luz\/"},{"@type":"ListItem","position":5,"name":"Tarifas fija luz"}]},{"@type":"WebSite","@id":"https:\/\/lykosenergia.com\/#website","url":"https:\/\/lykosenergia.com\/","name":"Lykos Energy Distributor","description":"Energy consultant, sales channels","potentialAction":[{"@type":"SearchAction","target":{"@type":"EntryPoint","urlTemplate":"https:\/\/lykosenergia.com\/?s={search_term_string}"},"query-input":{"@type":"PropertyValueSpecification","valueRequired":true,"valueName":"search_term_string"}}],"inLanguage":"en-GB"}]}},"_links":{"self":[{"href":"https:\/\/lykosenergia.com\/en\/wp-json\/wp\/v2\/pages\/28421","targetHints":{"allow":["GET"]}}],"collection":[{"href":"https:\/\/lykosenergia.com\/en\/wp-json\/wp\/v2\/pages"}],"about":[{"href":"https:\/\/lykosenergia.com\/en\/wp-json\/wp\/v2\/types\/page"}],"author":[{"embeddable":true,"href":"https:\/\/lykosenergia.com\/en\/wp-json\/wp\/v2\/users\/156"}],"replies":[{"embeddable":true,"href":"https:\/\/lykosenergia.com\/en\/wp-json\/wp\/v2\/comments?post=28421"}],"version-history":[{"count":0,"href":"https:\/\/lykosenergia.com\/en\/wp-json\/wp\/v2\/pages\/28421\/revisions"}],"up":[{"embeddable":true,"href":"https:\/\/lykosenergia.com\/en\/wp-json\/wp\/v2\/pages\/28419"}],"wp:featuredmedia":[{"embeddable":true,"href":"https:\/\/lykosenergia.com\/en\/wp-json\/wp\/v2\/media\/26799"}],"wp:attachment":[{"href":"https:\/\/lykosenergia.com\/en\/wp-json\/wp\/v2\/media?parent=28421"}],"curies":[{"name":"wp","href":"https:\/\/api.w.org\/{rel}","templated":true}]}}