{"id":28464,"date":"2024-08-09T13:52:26","date_gmt":"2024-08-09T11:52:26","guid":{"rendered":"https:\/\/canales.lykosenergia.com\/cuenta-de-membresia\/facturacion-de-membresia\/"},"modified":"2024-08-09T13:52:26","modified_gmt":"2024-08-09T11:52:26","slug":"facturacion-de-membresia","status":"publish","type":"page","link":"https:\/\/lykosenergia.com\/en\/cuenta-de-membresia\/facturacion-de-membresia\/","title":{"rendered":"Membership Billing"},"content":{"rendered":"<p>[pmpro_billing]<\/p>\n","protected":false},"excerpt":{"rendered":"<p>[pmpro_billing]<\/p>\n","protected":false},"author":156,"featured_media":0,"parent":28463,"menu_order":0,"comment_status":"closed","ping_status":"closed","template":"","meta":{"footnotes":""},"class_list":["post-28464","page","type-page","status-publish","hentry"],"yoast_head":"<!-- This site is optimized with the Yoast SEO Premium plugin v21.6 (Yoast SEO v27.1.1) - https:\/\/yoast.com\/product\/yoast-seo-premium-wordpress\/ -->\n<title>Facturaci\u00f3n de membres\u00eda - Distribuidor energia Lykos Energ\u00eda<\/title>\n<meta name=\"robots\" content=\"index, follow, max-snippet:-1, max-image-preview:large, max-video-preview:-1\" \/>\n<link rel=\"canonical\" href=\"https:\/\/lykosenergia.com\/en\/cuenta-de-membresia\/facturacion-de-membresia\/\" \/>\n<meta property=\"og:locale\" content=\"en_GB\" \/>\n<meta property=\"og:type\" content=\"article\" \/>\n<meta property=\"og:title\" content=\"Facturaci\u00f3n de membres\u00eda\" \/>\n<meta property=\"og:description\" content=\"[pmpro_billing]\" \/>\n<meta property=\"og:url\" content=\"https:\/\/lykosenergia.com\/en\/cuenta-de-membresia\/facturacion-de-membresia\/\" \/>\n<meta property=\"og:site_name\" content=\"Distribuidor energia Lykos Energ\u00eda\" \/>\n<meta name=\"twitter:card\" content=\"summary_large_image\" \/>\n<!-- \/ Yoast SEO Premium plugin. -->","yoast_head_json":{"title":"Membership Billing - Lykos Energy Distributor","robots":{"index":"index","follow":"follow","max-snippet":"max-snippet:-1","max-image-preview":"max-image-preview:large","max-video-preview":"max-video-preview:-1"},"canonical":"https:\/\/lykosenergia.com\/en\/cuenta-de-membresia\/facturacion-de-membresia\/","og_locale":"en_GB","og_type":"article","og_title":"Facturaci\u00f3n de membres\u00eda","og_description":"[pmpro_billing]","og_url":"https:\/\/lykosenergia.com\/en\/cuenta-de-membresia\/facturacion-de-membresia\/","og_site_name":"Distribuidor energia Lykos Energ\u00eda","twitter_card":"summary_large_image","schema":{"@context":"https:\/\/schema.org","@graph":[{"@type":"WebPage","@id":"https:\/\/lykosenergia.com\/cuenta-de-membresia\/facturacion-de-membresia\/","url":"https:\/\/lykosenergia.com\/cuenta-de-membresia\/facturacion-de-membresia\/","name":"Membership Billing - Lykos Energy Distributor","isPartOf":{"@id":"https:\/\/lykosenergia.com\/#website"},"datePublished":"2024-08-09T11:52:26+00:00","breadcrumb":{"@id":"https:\/\/lykosenergia.com\/cuenta-de-membresia\/facturacion-de-membresia\/#breadcrumb"},"inLanguage":"en-GB","potentialAction":[{"@type":"ReadAction","target":["https:\/\/lykosenergia.com\/cuenta-de-membresia\/facturacion-de-membresia\/"]}]},{"@type":"BreadcrumbList","@id":"https:\/\/lykosenergia.com\/cuenta-de-membresia\/facturacion-de-membresia\/#breadcrumb","itemListElement":[{"@type":"ListItem","position":1,"name":"Portada","item":"https:\/\/lykosenergia.com\/"},{"@type":"ListItem","position":2,"name":"Cuenta de membres\u00eda","item":"https:\/\/lykosenergia.com\/cuenta-de-membresia\/"},{"@type":"ListItem","position":3,"name":"Facturaci\u00f3n de membres\u00eda"}]},{"@type":"WebSite","@id":"https:\/\/lykosenergia.com\/#website","url":"https:\/\/lykosenergia.com\/","name":"Lykos Energy Distributor","description":"Energy consultant, sales channels","potentialAction":[{"@type":"SearchAction","target":{"@type":"EntryPoint","urlTemplate":"https:\/\/lykosenergia.com\/?s={search_term_string}"},"query-input":{"@type":"PropertyValueSpecification","valueRequired":true,"valueName":"search_term_string"}}],"inLanguage":"en-GB"}]}},"_links":{"self":[{"href":"https:\/\/lykosenergia.com\/en\/wp-json\/wp\/v2\/pages\/28464","targetHints":{"allow":["GET"]}}],"collection":[{"href":"https:\/\/lykosenergia.com\/en\/wp-json\/wp\/v2\/pages"}],"about":[{"href":"https:\/\/lykosenergia.com\/en\/wp-json\/wp\/v2\/types\/page"}],"author":[{"embeddable":true,"href":"https:\/\/lykosenergia.com\/en\/wp-json\/wp\/v2\/users\/156"}],"replies":[{"embeddable":true,"href":"https:\/\/lykosenergia.com\/en\/wp-json\/wp\/v2\/comments?post=28464"}],"version-history":[{"count":0,"href":"https:\/\/lykosenergia.com\/en\/wp-json\/wp\/v2\/pages\/28464\/revisions"}],"up":[{"embeddable":true,"href":"https:\/\/lykosenergia.com\/en\/wp-json\/wp\/v2\/pages\/28463"}],"wp:attachment":[{"href":"https:\/\/lykosenergia.com\/en\/wp-json\/wp\/v2\/media?parent=28464"}],"curies":[{"name":"wp","href":"https:\/\/api.w.org\/{rel}","templated":true}]}}