{"id":28839,"date":"2025-05-22T11:18:08","date_gmt":"2025-05-22T09:18:08","guid":{"rendered":"https:\/\/lykosenergia.com\/?page_id=28839"},"modified":"2025-07-14T18:50:52","modified_gmt":"2025-07-14T16:50:52","slug":"contacto","status":"publish","type":"page","link":"https:\/\/lykosenergia.com\/en\/contacto\/","title":{"rendered":"Contact"},"content":{"rendered":"\t\t<div data-elementor-type=\"wp-post\" data-elementor-id=\"28839\" class=\"elementor elementor-28839\" data-elementor-post-type=\"page\">\n\t\t\t\t\t\t<section data-particle_enable=\"false\" data-particle-mobile-disabled=\"false\" class=\"elementor-section elementor-top-section elementor-element elementor-element-a11bcca elementor-section-items-stretch elementor-section-content-middle elementor-section-height-min-height wd-section-stretch elementor-section-boxed elementor-section-height-default\" data-id=\"a11bcca\" data-element_type=\"section\" data-e-type=\"section\" data-settings=\"{&quot;background_background&quot;:&quot;classic&quot;}\">\n\t\t\t\t\t\t\t<div class=\"elementor-background-overlay\"><\/div>\n\t\t\t\t\t\t\t<div class=\"elementor-container elementor-column-gap-no\">\n\t\t\t\t\t<div class=\"elementor-column elementor-col-100 elementor-top-column elementor-element elementor-element-5ad4f46\" data-id=\"5ad4f46\" data-element_type=\"column\" data-e-type=\"column\" data-settings=\"{&quot;background_background&quot;:&quot;classic&quot;}\">\n\t\t\t<div class=\"elementor-widget-wrap elementor-element-populated\">\n\t\t\t\t\t<div class=\"elementor-background-overlay\"><\/div>\n\t\t\t\t\t\t<div class=\"elementor-element elementor-element-c3a4593 elementor-widget-mobile__width-initial elementor-widget__width-initial elementor-widget elementor-widget-heading\" data-id=\"c3a4593\" data-element_type=\"widget\" data-e-type=\"widget\" data-widget_type=\"heading.default\">\n\t\t\t\t<div class=\"elementor-widget-container\">\n\t\t\t\t\t<h1 class=\"elementor-heading-title elementor-size-default\">ESTAMOS AQU\u00cd<br>\nPARA AYUDARTE<br><\/h1>\t\t\t\t<\/div>\n\t\t\t\t<\/div>\n\t\t\t\t\t<\/div>\n\t\t<\/div>\n\t\t\t\t\t<\/div>\n\t\t<\/section>\n\t\t\t\t<section data-particle_enable=\"false\" data-particle-mobile-disabled=\"false\" class=\"elementor-section elementor-top-section elementor-element elementor-element-8a4f70a elementor-section-height-min-height wd-section-stretch elementor-section-boxed elementor-section-height-default elementor-section-items-middle\" data-id=\"8a4f70a\" data-element_type=\"section\" data-e-type=\"section\" data-settings=\"{&quot;background_background&quot;:&quot;classic&quot;}\">\n\t\t\t\t\t\t<div class=\"elementor-container elementor-column-gap-default\">\n\t\t\t\t\t<div class=\"elementor-column elementor-col-100 elementor-top-column elementor-element elementor-element-548472a\" data-id=\"548472a\" data-element_type=\"column\" data-e-type=\"column\" data-settings=\"{&quot;background_background&quot;:&quot;classic&quot;}\">\n\t\t\t<div class=\"elementor-widget-wrap elementor-element-populated\">\n\t\t\t\t\t\t<div class=\"elementor-element elementor-element-8619fab elementor-widget__width-initial elementor-widget elementor-widget-heading\" data-id=\"8619fab\" data-element_type=\"widget\" data-e-type=\"widget\" data-widget_type=\"heading.default\">\n\t\t\t\t<div class=\"elementor-widget-container\">\n\t\t\t\t\t<h2 class=\"elementor-heading-title elementor-size-default\">Cont\u00e1ctanos para resolver tus dudas o solicitar asesoramiento energ\u00e9tico<\/h2>\t\t\t\t<\/div>\n\t\t\t\t<\/div>\n\t\t\t\t<section data-particle_enable=\"false\" data-particle-mobile-disabled=\"false\" class=\"elementor-section elementor-inner-section elementor-element elementor-element-4581768 elementor-section-full_width elementor-section-height-default elementor-section-height-default\" data-id=\"4581768\" data-element_type=\"section\" data-e-type=\"section\">\n\t\t\t\t\t\t<div class=\"elementor-container elementor-column-gap-default\">\n\t\t\t\t\t<div class=\"elementor-column elementor-col-100 elementor-inner-column elementor-element elementor-element-f2904f8\" data-id=\"f2904f8\" data-element_type=\"column\" data-e-type=\"column\">\n\t\t\t<div class=\"elementor-widget-wrap elementor-element-populated\">\n\t\t\t\t\t\t<div class=\"elementor-element elementor-element-e69bd40 elementor-widget__width-initial elementor-position-top elementor-widget elementor-widget-image-box\" data-id=\"e69bd40\" data-element_type=\"widget\" data-e-type=\"widget\" data-widget_type=\"image-box.default\">\n\t\t\t\t<div class=\"elementor-widget-container\">\n\t\t\t\t\t<div class=\"elementor-image-box-wrapper\"><figure class=\"elementor-image-box-img\"><img loading=\"lazy\" decoding=\"async\" width=\"142\" height=\"142\" src=\"https:\/\/lykosenergia.com\/wp-content\/uploads\/2025\/07\/telefono.png\" class=\"attachment-full size-full wp-image-29078\" alt=\"\" \/><\/figure><div class=\"elementor-image-box-content\"><h3 class=\"elementor-image-box-title\">868 32 13 98<\/h3><p class=\"elementor-image-box-description\">\n<strong>De lunes a jueves<\/strong>\n<br>8:30h - 14:00h \/ 16:30 - 18:30h\n<\/br><strong>Viernes<\/strong><br> 8:00h - 14:30h<\/p><\/div><\/div>\t\t\t\t<\/div>\n\t\t\t\t<\/div>\n\t\t\t\t<div class=\"elementor-element elementor-element-a91c523 elementor-widget__width-initial elementor-position-top elementor-widget elementor-widget-image-box\" data-id=\"a91c523\" data-element_type=\"widget\" data-e-type=\"widget\" data-widget_type=\"image-box.default\">\n\t\t\t\t<div class=\"elementor-widget-container\">\n\t\t\t\t\t<div class=\"elementor-image-box-wrapper\"><figure class=\"elementor-image-box-img\"><img loading=\"lazy\" decoding=\"async\" width=\"141\" height=\"141\" src=\"https:\/\/lykosenergia.com\/wp-content\/uploads\/2025\/07\/mail.png\" class=\"attachment-full size-full wp-image-29077\" alt=\"\" \/><\/figure><div class=\"elementor-image-box-content\"><h3 class=\"elementor-image-box-title\">EMAIL<\/h3><p class=\"elementor-image-box-description\">hola@lykosenergia.com<\/p><\/div><\/div>\t\t\t\t<\/div>\n\t\t\t\t<\/div>\n\t\t\t\t<div class=\"elementor-element elementor-element-f439489 elementor-widget__width-initial elementor-position-top elementor-widget elementor-widget-image-box\" data-id=\"f439489\" data-element_type=\"widget\" data-e-type=\"widget\" data-widget_type=\"image-box.default\">\n\t\t\t\t<div class=\"elementor-widget-container\">\n\t\t\t\t\t<div class=\"elementor-image-box-wrapper\"><figure class=\"elementor-image-box-img\"><img loading=\"lazy\" decoding=\"async\" width=\"142\" height=\"141\" src=\"https:\/\/lykosenergia.com\/wp-content\/uploads\/2025\/07\/mapa.png\" class=\"attachment-full size-full wp-image-29076\" alt=\"\" \/><\/figure><div class=\"elementor-image-box-content\"><h3 class=\"elementor-image-box-title\">OFICINA<\/h3><p class=\"elementor-image-box-description\">C. Delta del Misisipi, 7 <br> 30385 Los Belones, Murcia<\/p><\/div><\/div>\t\t\t\t<\/div>\n\t\t\t\t<\/div>\n\t\t\t\t<div class=\"elementor-element elementor-element-1d7a177 elementor-widget__width-initial elementor-position-top elementor-widget elementor-widget-image-box\" data-id=\"1d7a177\" data-element_type=\"widget\" data-e-type=\"widget\" data-widget_type=\"image-box.default\">\n\t\t\t\t<div class=\"elementor-widget-container\">\n\t\t\t\t\t<div class=\"elementor-image-box-wrapper\"><figure class=\"elementor-image-box-img\"><img loading=\"lazy\" decoding=\"async\" width=\"142\" height=\"142\" src=\"https:\/\/lykosenergia.com\/wp-content\/uploads\/2025\/07\/user.png\" class=\"attachment-full size-full wp-image-29075\" alt=\"\" \/><\/figure><div class=\"elementor-image-box-content\"><h3 class=\"elementor-image-box-title\">\u00c1REA COLABORADORES<\/h3><p class=\"elementor-image-box-description\">Accede a tu \u00e1rea personal<\/p><\/div><\/div>\t\t\t\t<\/div>\n\t\t\t\t<\/div>\n\t\t\t\t\t<\/div>\n\t\t<\/div>\n\t\t\t\t\t<\/div>\n\t\t<\/section>\n\t\t\t\t\t<\/div>\n\t\t<\/div>\n\t\t\t\t\t<\/div>\n\t\t<\/section>\n\t\t\t\t<section data-particle_enable=\"false\" data-particle-mobile-disabled=\"false\" class=\"elementor-section elementor-top-section elementor-element elementor-element-4ba35bb elementor-section-height-min-height wd-section-stretch elementor-section-boxed elementor-section-height-default elementor-section-items-middle\" data-id=\"4ba35bb\" data-element_type=\"section\" data-e-type=\"section\" data-settings=\"{&quot;background_background&quot;:&quot;classic&quot;}\">\n\t\t\t\t\t\t<div class=\"elementor-container elementor-column-gap-no\">\n\t\t\t\t\t<div class=\"elementor-column elementor-col-100 elementor-top-column elementor-element elementor-element-ca30941\" data-id=\"ca30941\" data-element_type=\"column\" data-e-type=\"column\" data-settings=\"{&quot;background_background&quot;:&quot;classic&quot;}\">\n\t\t\t<div class=\"elementor-widget-wrap elementor-element-populated\">\n\t\t\t\t\t\t<div class=\"elementor-element elementor-element-1ca3dc9 elementor-widget elementor-widget-heading\" data-id=\"1ca3dc9\" data-element_type=\"widget\" data-e-type=\"widget\" data-widget_type=\"heading.default\">\n\t\t\t\t<div class=\"elementor-widget-container\">\n\t\t\t\t\t<h2 class=\"elementor-heading-title elementor-size-default\">Env\u00edanos tu consulta<\/h2>\t\t\t\t<\/div>\n\t\t\t\t<\/div>\n\t\t\t\t<div class=\"elementor-element elementor-element-2872f06 elementor-widget__width-initial fluent-form-widget-step-header-yes fluent-form-widget-step-progressbar-yes fluentform-widget-submit-button-custom elementor-widget elementor-widget-fluent-form-widget\" data-id=\"2872f06\" data-element_type=\"widget\" data-e-type=\"widget\" data-widget_type=\"fluent-form-widget.default\">\n\t\t\t\t<div class=\"elementor-widget-container\">\n\t\t\t\t\t\n            <div class=\"fluentform-widget-wrapper fluentform-widget-align-default\">\n\n            \n            <div class='fluentform ff-default fluentform_wrapper_3 ffs_default_wrap'><form data-form_id=\"3\" id=\"fluentform_3\" class=\"frm-fluent-form fluent_form_3 ff-el-form-top ff_form_instance_3_1 ff-form-loading ffs_default\" data-form_instance=\"ff_form_instance_3_1\" method=\"POST\" ><fieldset  style=\"border: none!important;margin: 0!important;padding: 0!important;background-color: transparent!important;box-shadow: none!important;outline: none!important; min-inline-size: 100%;\">\n                    <legend class=\"ff_screen_reader_title\" style=\"display: block; margin: 0!important;padding: 0!important;height: 0!important;text-indent: -999999px;width: 0!important;overflow:hidden;\">Formulario contacto<\/legend><input type='hidden' name='__fluent_form_embded_post_id' value='28839' \/><input type=\"hidden\" id=\"_fluentform_3_fluentformnonce\" name=\"_fluentform_3_fluentformnonce\" value=\"76f6dd1130\" \/><input type=\"hidden\" name=\"_wp_http_referer\" value=\"\/en\/wp-json\/wp\/v2\/pages\/28839\" \/><div data-name=\"ff_cn_id_1\"  class='ff-t-container ff-column-container ff_columns_total_2 '><div class='ff-t-cell ff-t-column-1' style='flex-basis: 50%;'><div data-type=\"name-element\" data-name=\"nombre\" class=\" ff-field_container ff-name-field-wrapper\" ><div class='ff-t-container'><div class='ff-t-cell '><div class='ff-el-group  ff-el-form-hide_label'><div class='ff-el-input--content'><input type=\"text\" name=\"nombre[first_name]\" id=\"ff_3_nombre_first_name_\" class=\"ff-el-form-control\" placeholder=\"Nombre\" aria-invalid=\"false\" aria-required=true><\/div><\/div><\/div><\/div><\/div><div class='ff-el-group ff-el-form-hide_label'><div class=\"ff-el-input--label ff-el-is-required asterisk-right\"><label for='ff_3_email' id='label_ff_3_email' aria-label=\"Email\">Email<\/label><\/div><div class='ff-el-input--content'><input type=\"email\" name=\"email\" id=\"ff_3_email\" class=\"ff-el-form-control\" placeholder=\"Email\" data-name=\"email\"  aria-invalid=\"false\" aria-required=true><\/div><\/div><div class='ff-el-group ff-el-form-hide_label'><div class=\"ff-el-input--label ff-el-is-required asterisk-right\"><label for='ff_3_phone' id='label_ff_3_phone' aria-label=\"Tel\u00e9fono\">Tel\u00e9fono<\/label><\/div><div class='ff-el-input--content'><input name=\"phone\" class=\"ff-el-form-control ff-el-phone\" type=\"tel\" placeholder=\"Tel\u00e9fono\" data-name=\"phone\" id=\"ff_3_phone\" inputmode=\"tel\"  aria-invalid='false' aria-required=true><\/div><\/div><\/div><div class='ff-t-cell ff-t-column-2' style='flex-basis: 50%;'><div class='ff-el-group ff-el-form-hide_label'><div class=\"ff-el-input--label ff-el-is-required asterisk-right\"><label for='ff_3_mensaje' id='label_ff_3_mensaje' aria-label=\"Mensaje\">Mensaje<\/label><\/div><div class='ff-el-input--content'><textarea aria-required=\"true\" aria-labelledby=\"label_ff_3_mensaje\" name=\"mensaje\" id=\"ff_3_mensaje\" class=\"ff-el-form-control\" placeholder=\"Mensaje\" rows=\"9\" cols=\"2\" data-name=\"mensaje\" ><\/textarea><\/div><\/div><\/div><\/div><div class='ff-el-group    ff-el-input--content'><div class='ff-el-form-check ff-el-tc'><label aria-label='Terms and Conditions: He leido y aceptado los Terminos y Condiciones y la Pol\u00edtica de privacidad Contains 2 links. Use tab navigation to review.' class='ff-el-form-check-label ff_tc_label' for=terms-n-condition_0495acbef9e07202e280ae1a2d91a400><span class='ff_tc_checkbox'><input type=\"checkbox\" name=\"terms-n-condition\" class=\"ff-el-form-check-input\" data-name=\"terms-n-condition\" id=\"terms-n-condition_0495acbef9e07202e280ae1a2d91a400\"  value='on' aria-invalid='false' aria-required=true><\/span> <div class='ff_t_c'><p>He leido y aceptado los <a href=\"\/terminos-y-condiciones\/\" target=\"_blank\" rel=\"noopener\">Terminos y Condiciones<\/a> y la <a href=\"\/politica-de-privacidad\/\" target=\"_blank\" rel=\"noopener\">Pol\u00edtica de privacidad<\/a><\/p><\/div><\/label><\/div><\/div><div class='ff-el-group ' ><div class='ff-el-input--content'><div data-fluent_id='3' name='g-recaptcha-response'><div\n\t\tdata-sitekey='6Lf5Y3sqAAAAALBqq0ttYSyMkfNt9YjE7AN0W6iP'\n\t\tid='fluentform-recaptcha-3-1'\n\t\tclass='ff-el-recaptcha g-recaptcha'\n\t\tdata-callback='fluentFormrecaptchaSuccessCallback'><\/div><\/div><\/div><\/div><div class='ff-el-group ff-text-left ff_submit_btn_wrapper'><button type=\"submit\" class=\"ff-btn ff-btn-submit ff-btn-lg ff_btn_style wpf_has_custom_css\"  aria-label=\"Enviar consulta\">Enviar consulta<\/button><\/div><\/fieldset><\/form><div id='fluentform_3_errors' class='ff-errors-in-stack ff_form_instance_3_1 ff-form-loading_errors ff_form_instance_3_1_errors'><\/div><\/div>            <script type=\"text\/javascript\">\n                window.fluent_form_ff_form_instance_3_1 = {\"id\":\"3\",\"settings\":{\"layout\":{\"labelPlacement\":\"top\",\"helpMessagePlacement\":\"with_label\",\"errorMessagePlacement\":\"inline\"},\"restrictions\":{\"denyEmptySubmission\":{\"enabled\":false}}},\"form_instance\":\"ff_form_instance_3_1\",\"form_id_selector\":\"fluentform_3\",\"rules\":{\"nombre[first_name]\":{\"required\":{\"value\":true,\"message\":\"Nombre requerido\",\"global\":false,\"global_message\":\"Este campo es obligatorio\"}},\"nombre[middle_name]\":{\"required\":{\"value\":false,\"message\":\"This field is required\",\"global\":false,\"global_message\":\"Este campo es obligatorio\"}},\"nombre[last_name]\":{\"required\":{\"value\":false,\"message\":\"This field is required\",\"global\":false,\"global_message\":\"Este campo es obligatorio\"}},\"email\":{\"required\":{\"value\":true,\"message\":\"Email field is required\",\"global\":false,\"global_message\":\"Este campo es obligatorio\"},\"email\":{\"value\":true,\"message\":\"This field must contain a valid email\",\"global\":false,\"global_message\":\"Este campo debe contener un correo electr\\u00f3nico v\\u00e1lido\"}},\"phone\":{\"required\":{\"value\":true,\"message\":\"Campo requerido\",\"global\":false,\"global_message\":\"Este campo es obligatorio\"},\"valid_phone_number\":{\"value\":false,\"message\":\"Phone number is not valid\",\"global\":false,\"global_message\":\"El n\\u00famero de tel\\u00e9fono no es v\\u00e1lido \"}},\"mensaje\":{\"required\":{\"value\":true,\"message\":\"Mensaje requerido\",\"global\":false,\"global_message\":\"Este campo es obligatorio\"}},\"terms-n-condition\":{\"required\":{\"value\":true,\"message\":\"Campo requerido\",\"global\":false,\"global_message\":\"Este campo es obligatorio\"}},\"g-recaptcha-response\":[]},\"debounce_time\":300};\n                            <\/script>\n                        <\/div>\n\n            \t\t\t\t<\/div>\n\t\t\t\t<\/div>\n\t\t\t\t\t<\/div>\n\t\t<\/div>\n\t\t\t\t\t<\/div>\n\t\t<\/section>\n\t\t\t\t<section data-particle_enable=\"false\" data-particle-mobile-disabled=\"false\" class=\"wd-negative-gap elementor-section elementor-top-section elementor-element elementor-element-b0a3c93 wd-section-stretch elementor-section-boxed elementor-section-height-default elementor-section-height-default\" data-id=\"b0a3c93\" data-element_type=\"section\" data-e-type=\"section\" data-settings=\"{&quot;background_background&quot;:&quot;classic&quot;}\">\n\t\t\t\t\t\t<div class=\"elementor-container elementor-column-gap-default\">\n\t\t\t\t\t<div class=\"elementor-column elementor-col-50 elementor-top-column elementor-element elementor-element-9580315\" data-id=\"9580315\" data-element_type=\"column\" data-e-type=\"column\">\n\t\t\t<div class=\"elementor-widget-wrap elementor-element-populated\">\n\t\t\t\t\t\t<div class=\"elementor-element elementor-element-d4a785e elementor-widget elementor-widget-heading\" data-id=\"d4a785e\" data-element_type=\"widget\" data-e-type=\"widget\" data-widget_type=\"heading.default\">\n\t\t\t\t<div class=\"elementor-widget-container\">\n\t\t\t\t\t<h2 class=\"elementor-heading-title elementor-size-default\">Resolvemos tus dudas y te asesoramos sin compromiso<\/h2>\t\t\t\t<\/div>\n\t\t\t\t<\/div>\n\t\t\t\t\t<\/div>\n\t\t<\/div>\n\t\t\t\t<div class=\"elementor-column elementor-col-50 elementor-top-column elementor-element elementor-element-b7766b4\" data-id=\"b7766b4\" data-element_type=\"column\" data-e-type=\"column\">\n\t\t\t<div class=\"elementor-widget-wrap elementor-element-populated\">\n\t\t\t\t\t\t<div class=\"elementor-element elementor-element-ed9bbe5 elementor-widget elementor-widget-eael-creative-button\" data-id=\"ed9bbe5\" data-element_type=\"widget\" data-e-type=\"widget\" data-widget_type=\"eael-creative-button.default\">\n\t\t\t\t<div class=\"elementor-widget-container\">\n\t\t\t\t\t        <div class=\"eael-creative-button-wrapper\">\n\n            <a class=\"eael-creative-button eael-creative-button--default\" href=\"#\" data-text=\"Go!\">\n            \t    \n                <div class=\"creative-button-inner\">\n\n                    \n                    <span class=\"cretive-button-text\">QUIERO M\u00c1S INFORMACI\u00d3N<\/span>\n\n                                    <\/div>\n\t                        <\/a>\n        <\/div>\n        \t\t\t\t<\/div>\n\t\t\t\t<\/div>\n\t\t\t\t\t<\/div>\n\t\t<\/div>\n\t\t\t\t\t<\/div>\n\t\t<\/section>\n\t\t\t\t<\/div>\n\t\t","protected":false},"excerpt":{"rendered":"<p>WE ARE HERE TO HELP YOU Contact us to resolve your doubts or request energy advice 868 32 13 98 Monday to<\/p>","protected":false},"author":156,"featured_media":28669,"parent":0,"menu_order":1,"comment_status":"closed","ping_status":"closed","template":"","meta":{"footnotes":""},"class_list":["post-28839","page","type-page","status-publish","has-post-thumbnail","hentry"],"yoast_head":"<!-- This site is optimized with the Yoast SEO Premium plugin v21.6 (Yoast SEO v27.1.1) - https:\/\/yoast.com\/product\/yoast-seo-premium-wordpress\/ -->\n<title>Lykos Energ\u00eda - Creamos tu consultor\u00eda energ\u00e9tica<\/title>\n<meta name=\"description\" content=\"Distribuci\u00f3n el\u00e9ctrica para consultores y distribuidores, trabajando con m\u00e1s de 10 comercializadoras para ofrecer productos personalizados y un servicio completo de soporte. Haz crecer tu negocio con nuestra red de expertos en energ\u00eda.\" \/>\n<meta name=\"robots\" content=\"index, follow, max-snippet:-1, max-image-preview:large, max-video-preview:-1\" \/>\n<link rel=\"canonical\" href=\"https:\/\/lykosenergia.com\/en\/contacto\/\" \/>\n<meta property=\"og:locale\" content=\"en_GB\" \/>\n<meta property=\"og:type\" content=\"article\" \/>\n<meta property=\"og:title\" content=\"Contacto\" \/>\n<meta property=\"og:description\" content=\"Distribuci\u00f3n el\u00e9ctrica para consultores y distribuidores, trabajando con m\u00e1s de 10 comercializadoras para ofrecer productos personalizados y un servicio completo de soporte. Haz crecer tu negocio con nuestra red de expertos en energ\u00eda.\" \/>\n<meta property=\"og:url\" content=\"https:\/\/lykosenergia.com\/en\/contacto\/\" \/>\n<meta property=\"og:site_name\" content=\"Distribuidor energia Lykos Energ\u00eda\" \/>\n<meta property=\"article:modified_time\" content=\"2025-07-14T16:50:52+00:00\" \/>\n<meta property=\"og:image\" content=\"https:\/\/lykosenergia.com\/wp-content\/uploads\/2025\/02\/favicon.png\" \/>\n\t<meta property=\"og:image:width\" content=\"173\" \/>\n\t<meta property=\"og:image:height\" content=\"173\" \/>\n\t<meta property=\"og:image:type\" content=\"image\/png\" \/>\n<meta name=\"twitter:card\" content=\"summary_large_image\" \/>\n<meta name=\"twitter:label1\" content=\"Estimated reading time\" \/>\n\t<meta name=\"twitter:data1\" content=\"2 minutes\" \/>\n<!-- \/ Yoast SEO Premium plugin. -->","yoast_head_json":{"title":"Lykos Energ\u00eda - We create your energy consultancy","description":"Electrical distribution for consultants and distributors, working with over 10 energy suppliers to offer customized products and comprehensive support. Grow your business with our network of energy experts.","robots":{"index":"index","follow":"follow","max-snippet":"max-snippet:-1","max-image-preview":"max-image-preview:large","max-video-preview":"max-video-preview:-1"},"canonical":"https:\/\/lykosenergia.com\/en\/contacto\/","og_locale":"en_GB","og_type":"article","og_title":"Contacto","og_description":"Distribuci\u00f3n el\u00e9ctrica para consultores y distribuidores, trabajando con m\u00e1s de 10 comercializadoras para ofrecer productos personalizados y un servicio completo de soporte. Haz crecer tu negocio con nuestra red de expertos en energ\u00eda.","og_url":"https:\/\/lykosenergia.com\/en\/contacto\/","og_site_name":"Distribuidor energia Lykos Energ\u00eda","article_modified_time":"2025-07-14T16:50:52+00:00","og_image":[{"width":173,"height":173,"url":"https:\/\/lykosenergia.com\/wp-content\/uploads\/2025\/02\/favicon.png","type":"image\/png"}],"twitter_card":"summary_large_image","twitter_misc":{"Estimated reading time":"2 minutes"},"schema":{"@context":"https:\/\/schema.org","@graph":[{"@type":"WebPage","@id":"https:\/\/lykosenergia.com\/contacto\/","url":"https:\/\/lykosenergia.com\/contacto\/","name":"Lykos Energ\u00eda - We create your energy consultancy","isPartOf":{"@id":"https:\/\/lykosenergia.com\/#website"},"primaryImageOfPage":{"@id":"https:\/\/lykosenergia.com\/contacto\/#primaryimage"},"image":{"@id":"https:\/\/lykosenergia.com\/contacto\/#primaryimage"},"thumbnailUrl":"https:\/\/lykosenergia.com\/wp-content\/uploads\/2025\/02\/favicon.png","datePublished":"2025-05-22T09:18:08+00:00","dateModified":"2025-07-14T16:50:52+00:00","description":"Electrical distribution for consultants and distributors, working with over 10 energy suppliers to offer customized products and comprehensive support. Grow your business with our network of energy experts.","breadcrumb":{"@id":"https:\/\/lykosenergia.com\/contacto\/#breadcrumb"},"inLanguage":"en-GB","potentialAction":[{"@type":"ReadAction","target":["https:\/\/lykosenergia.com\/contacto\/"]}]},{"@type":"ImageObject","inLanguage":"en-GB","@id":"https:\/\/lykosenergia.com\/contacto\/#primaryimage","url":"https:\/\/lykosenergia.com\/wp-content\/uploads\/2025\/02\/favicon.png","contentUrl":"https:\/\/lykosenergia.com\/wp-content\/uploads\/2025\/02\/favicon.png","width":173,"height":173},{"@type":"BreadcrumbList","@id":"https:\/\/lykosenergia.com\/contacto\/#breadcrumb","itemListElement":[{"@type":"ListItem","position":1,"name":"Portada","item":"https:\/\/lykosenergia.com\/"},{"@type":"ListItem","position":2,"name":"Contacto"}]},{"@type":"WebSite","@id":"https:\/\/lykosenergia.com\/#website","url":"https:\/\/lykosenergia.com\/","name":"Lykos Energy Distributor","description":"Energy consultant, sales channels","potentialAction":[{"@type":"SearchAction","target":{"@type":"EntryPoint","urlTemplate":"https:\/\/lykosenergia.com\/?s={search_term_string}"},"query-input":{"@type":"PropertyValueSpecification","valueRequired":true,"valueName":"search_term_string"}}],"inLanguage":"en-GB"}]}},"_links":{"self":[{"href":"https:\/\/lykosenergia.com\/en\/wp-json\/wp\/v2\/pages\/28839","targetHints":{"allow":["GET"]}}],"collection":[{"href":"https:\/\/lykosenergia.com\/en\/wp-json\/wp\/v2\/pages"}],"about":[{"href":"https:\/\/lykosenergia.com\/en\/wp-json\/wp\/v2\/types\/page"}],"author":[{"embeddable":true,"href":"https:\/\/lykosenergia.com\/en\/wp-json\/wp\/v2\/users\/156"}],"replies":[{"embeddable":true,"href":"https:\/\/lykosenergia.com\/en\/wp-json\/wp\/v2\/comments?post=28839"}],"version-history":[{"count":28,"href":"https:\/\/lykosenergia.com\/en\/wp-json\/wp\/v2\/pages\/28839\/revisions"}],"predecessor-version":[{"id":29081,"href":"https:\/\/lykosenergia.com\/en\/wp-json\/wp\/v2\/pages\/28839\/revisions\/29081"}],"wp:featuredmedia":[{"embeddable":true,"href":"https:\/\/lykosenergia.com\/en\/wp-json\/wp\/v2\/media\/28669"}],"wp:attachment":[{"href":"https:\/\/lykosenergia.com\/en\/wp-json\/wp\/v2\/media?parent=28839"}],"curies":[{"name":"wp","href":"https:\/\/api.w.org\/{rel}","templated":true}]}}