{"id":29048,"date":"2025-07-14T18:30:04","date_gmt":"2025-07-14T16:30:04","guid":{"rendered":"https:\/\/lykosenergia.com\/?page_id=29048"},"modified":"2025-07-14T19:25:13","modified_gmt":"2025-07-14T17:25:13","slug":"agenda","status":"publish","type":"page","link":"https:\/\/lykosenergia.com\/en\/agenda\/","title":{"rendered":"Agenda"},"content":{"rendered":"<div data-elementor-type=\"wp-post\" data-elementor-id=\"29048\" class=\"elementor elementor-29048\" data-elementor-post-type=\"page\">\n\t\t\t\t\t\t<section data-particle_enable=\"false\" data-particle-mobile-disabled=\"false\" class=\"elementor-section elementor-top-section elementor-element elementor-element-8a4f70a elementor-section-height-min-height wd-section-stretch elementor-section-boxed elementor-section-height-default elementor-section-items-middle\" data-id=\"8a4f70a\" data-element_type=\"section\" data-e-type=\"section\" data-settings=\"{&quot;background_background&quot;:&quot;classic&quot;}\">\n\t\t\t\t\t\t<div class=\"elementor-container elementor-column-gap-default\">\n\t\t\t\t\t<div class=\"elementor-column elementor-col-100 elementor-top-column elementor-element elementor-element-548472a\" data-id=\"548472a\" data-element_type=\"column\" data-e-type=\"column\" data-settings=\"{&quot;background_background&quot;:&quot;classic&quot;}\">\n\t\t\t<div class=\"elementor-widget-wrap elementor-element-populated\">\n\t\t\t\t\t\t<div class=\"elementor-element elementor-element-8619fab elementor-widget__width-initial elementor-widget elementor-widget-heading\" data-id=\"8619fab\" data-element_type=\"widget\" data-e-type=\"widget\" data-widget_type=\"heading.default\">\n\t\t\t\t<div class=\"elementor-widget-container\">\n\t\t\t\t\t<h2 class=\"elementor-heading-title elementor-size-default\">Book your free consultation now!<\/h2>\t\t\t\t<\/div>\n\t\t\t\t<\/div>\n\t\t\t\t<div class=\"elementor-element elementor-element-640c532 elementor-widget elementor-widget-html\" data-id=\"640c532\" data-element_type=\"widget\" data-e-type=\"widget\" data-widget_type=\"html.default\">\n\t\t\t\t<div class=\"elementor-widget-container\">\n\t\t\t\t\t<!-- Principio del widget integrado de Calendly -->\r\n<div class=\"calendly-inline-widget\" data-url=\"https:\/\/calendly.com\/agenda-lykosenergia\/30min?hide_event_type_details=1&hide_gdpr_banner=1&primary_color=bcd800\" style=\"min-width:520px;height:700px;\"><\/div>\r\n<script type=\"text\/javascript\" src=\"https:\/\/assets.calendly.com\/assets\/external\/widget.js\" async><\/script>\r\n<!-- Final del widget integrado de Calendly -->\t\t\t\t<\/div>\n\t\t\t\t<\/div>\n\t\t\t\t\t<\/div>\n\t\t<\/div>\n\t\t\t\t\t<\/div>\n\t\t<\/section>\n\t\t\t\t<\/div>","protected":false},"excerpt":{"rendered":"<p>Book your free consultation now!<\/p>","protected":false},"author":156,"featured_media":28669,"parent":0,"menu_order":1,"comment_status":"closed","ping_status":"closed","template":"","meta":{"footnotes":""},"class_list":["post-29048","page","type-page","status-publish","has-post-thumbnail","hentry"],"yoast_head":"<!-- This site is optimized with the Yoast SEO Premium plugin v21.6 (Yoast SEO v27.1.1) - https:\/\/yoast.com\/product\/yoast-seo-premium-wordpress\/ -->\n<title>Lykos Energ\u00eda - Agenda tu consultor\u00eda<\/title>\n<meta name=\"description\" content=\"Distribuci\u00f3n el\u00e9ctrica para consultores y distribuidores, trabajando con m\u00e1s de 10 comercializadoras para ofrecer productos personalizados y un servicio completo de soporte. Haz crecer tu negocio con nuestra red de expertos en energ\u00eda.\" \/>\n<meta name=\"robots\" content=\"index, follow, max-snippet:-1, max-image-preview:large, max-video-preview:-1\" \/>\n<link rel=\"canonical\" href=\"https:\/\/lykosenergia.com\/en\/agenda\/\" \/>\n<meta property=\"og:locale\" content=\"en_GB\" \/>\n<meta property=\"og:type\" content=\"article\" \/>\n<meta property=\"og:title\" content=\"Agenda\" \/>\n<meta property=\"og:description\" content=\"Distribuci\u00f3n el\u00e9ctrica para consultores y distribuidores, trabajando con m\u00e1s de 10 comercializadoras para ofrecer productos personalizados y un servicio completo de soporte. Haz crecer tu negocio con nuestra red de expertos en energ\u00eda.\" \/>\n<meta property=\"og:url\" content=\"https:\/\/lykosenergia.com\/en\/agenda\/\" \/>\n<meta property=\"og:site_name\" content=\"Distribuidor energia Lykos Energ\u00eda\" \/>\n<meta property=\"article:modified_time\" content=\"2025-07-14T17:25:13+00:00\" \/>\n<meta property=\"og:image\" content=\"https:\/\/lykosenergia.com\/wp-content\/uploads\/2025\/02\/favicon.png\" \/>\n\t<meta property=\"og:image:width\" content=\"173\" \/>\n\t<meta property=\"og:image:height\" content=\"173\" \/>\n\t<meta property=\"og:image:type\" content=\"image\/png\" \/>\n<meta name=\"twitter:card\" content=\"summary_large_image\" \/>\n<meta name=\"twitter:label1\" content=\"Estimated reading time\" \/>\n\t<meta name=\"twitter:data1\" content=\"1 minute\" \/>\n<!-- \/ Yoast SEO Premium plugin. -->","yoast_head_json":{"title":"Lykos Energy - Schedule your consultation","description":"Electrical distribution for consultants and distributors, working with over 10 energy suppliers to offer customized products and comprehensive support. Grow your business with our network of energy experts.","robots":{"index":"index","follow":"follow","max-snippet":"max-snippet:-1","max-image-preview":"max-image-preview:large","max-video-preview":"max-video-preview:-1"},"canonical":"https:\/\/lykosenergia.com\/en\/agenda\/","og_locale":"en_GB","og_type":"article","og_title":"Agenda","og_description":"Distribuci\u00f3n el\u00e9ctrica para consultores y distribuidores, trabajando con m\u00e1s de 10 comercializadoras para ofrecer productos personalizados y un servicio completo de soporte. Haz crecer tu negocio con nuestra red de expertos en energ\u00eda.","og_url":"https:\/\/lykosenergia.com\/en\/agenda\/","og_site_name":"Distribuidor energia Lykos Energ\u00eda","article_modified_time":"2025-07-14T17:25:13+00:00","og_image":[{"width":173,"height":173,"url":"https:\/\/lykosenergia.com\/wp-content\/uploads\/2025\/02\/favicon.png","type":"image\/png"}],"twitter_card":"summary_large_image","twitter_misc":{"Estimated reading time":"1 minute"},"schema":{"@context":"https:\/\/schema.org","@graph":[{"@type":"WebPage","@id":"https:\/\/lykosenergia.com\/agenda\/","url":"https:\/\/lykosenergia.com\/agenda\/","name":"Lykos Energy - Schedule your consultation","isPartOf":{"@id":"https:\/\/lykosenergia.com\/#website"},"primaryImageOfPage":{"@id":"https:\/\/lykosenergia.com\/agenda\/#primaryimage"},"image":{"@id":"https:\/\/lykosenergia.com\/agenda\/#primaryimage"},"thumbnailUrl":"https:\/\/lykosenergia.com\/wp-content\/uploads\/2025\/02\/favicon.png","datePublished":"2025-07-14T16:30:04+00:00","dateModified":"2025-07-14T17:25:13+00:00","description":"Electrical distribution for consultants and distributors, working with over 10 energy suppliers to offer customized products and comprehensive support. Grow your business with our network of energy experts.","breadcrumb":{"@id":"https:\/\/lykosenergia.com\/agenda\/#breadcrumb"},"inLanguage":"en-GB","potentialAction":[{"@type":"ReadAction","target":["https:\/\/lykosenergia.com\/agenda\/"]}]},{"@type":"ImageObject","inLanguage":"en-GB","@id":"https:\/\/lykosenergia.com\/agenda\/#primaryimage","url":"https:\/\/lykosenergia.com\/wp-content\/uploads\/2025\/02\/favicon.png","contentUrl":"https:\/\/lykosenergia.com\/wp-content\/uploads\/2025\/02\/favicon.png","width":173,"height":173},{"@type":"BreadcrumbList","@id":"https:\/\/lykosenergia.com\/agenda\/#breadcrumb","itemListElement":[{"@type":"ListItem","position":1,"name":"Portada","item":"https:\/\/lykosenergia.com\/"},{"@type":"ListItem","position":2,"name":"Agenda"}]},{"@type":"WebSite","@id":"https:\/\/lykosenergia.com\/#website","url":"https:\/\/lykosenergia.com\/","name":"Lykos Energy Distributor","description":"Energy consultant, sales channels","potentialAction":[{"@type":"SearchAction","target":{"@type":"EntryPoint","urlTemplate":"https:\/\/lykosenergia.com\/?s={search_term_string}"},"query-input":{"@type":"PropertyValueSpecification","valueRequired":true,"valueName":"search_term_string"}}],"inLanguage":"en-GB"}]}},"_links":{"self":[{"href":"https:\/\/lykosenergia.com\/en\/wp-json\/wp\/v2\/pages\/29048","targetHints":{"allow":["GET"]}}],"collection":[{"href":"https:\/\/lykosenergia.com\/en\/wp-json\/wp\/v2\/pages"}],"about":[{"href":"https:\/\/lykosenergia.com\/en\/wp-json\/wp\/v2\/types\/page"}],"author":[{"embeddable":true,"href":"https:\/\/lykosenergia.com\/en\/wp-json\/wp\/v2\/users\/156"}],"replies":[{"embeddable":true,"href":"https:\/\/lykosenergia.com\/en\/wp-json\/wp\/v2\/comments?post=29048"}],"version-history":[{"count":16,"href":"https:\/\/lykosenergia.com\/en\/wp-json\/wp\/v2\/pages\/29048\/revisions"}],"predecessor-version":[{"id":29174,"href":"https:\/\/lykosenergia.com\/en\/wp-json\/wp\/v2\/pages\/29048\/revisions\/29174"}],"wp:featuredmedia":[{"embeddable":true,"href":"https:\/\/lykosenergia.com\/en\/wp-json\/wp\/v2\/media\/28669"}],"wp:attachment":[{"href":"https:\/\/lykosenergia.com\/en\/wp-json\/wp\/v2\/media?parent=29048"}],"curies":[{"name":"wp","href":"https:\/\/api.w.org\/{rel}","templated":true}]}}